{"id":244726,"date":"2021-12-28T17:53:47","date_gmt":"2021-12-28T16:53:47","guid":{"rendered":"https:\/\/valiani.com\/catalogues\/"},"modified":"2023-11-09T16:19:38","modified_gmt":"2023-11-09T15:19:38","slug":"catalogues","status":"publish","type":"page","link":"https:\/\/valiani.com\/es\/catalogues\/","title":{"rendered":"Catalogues"},"content":{"rendered":"<p>[et_pb_section fb_built=\u00bb1&#8243; fullwidth=\u00bbon\u00bb custom_padding_last_edited=\u00bbon|phone\u00bb _builder_version=\u00bb4.16&#8243; background_enable_color=\u00bboff\u00bb use_background_color_gradient=\u00bbon\u00bb background_color_gradient_direction=\u00bb170deg\u00bb background_color_gradient_stops=\u00bbrgba(59,68,68,0.9) 0%|rgba(59,68,68,0.5) 100%\u00bb background_color_gradient_overlays_image=\u00bbon\u00bb background_color_gradient_start=\u00bbrgba(59,68,68,0.9)\u00bb background_color_gradient_end=\u00bbrgba(59,68,68,0.5)\u00bb background_image=\u00bbhttps:\/\/valiani.com\/wp-content\/uploads\/2021\/12\/header-Landing-ok.png\u00bb min_height=\u00bb250px\u00bb custom_padding=\u00bb120px||120px||true|false\u00bb custom_padding_tablet=\u00bb\u00bb custom_padding_phone=\u00bb80px||80px||false|false\u00bb bottom_divider_style=\u00bbarrow2&#8243; bottom_divider_color=\u00bb#ffffff\u00bb locked=\u00bboff\u00bb global_colors_info=\u00bb{}\u00bb][et_pb_fullwidth_header title=\u00bbAcaba de salir el cat\u00e1logo de Valiani\u00bb _builder_version=\u00bb4.20.2&#8243; title_text_align=\u00bbcenter\u00bb title_font_size=\u00bb50px\u00bb title_line_height=\u00bb1.3em\u00bb content_font=\u00bbNexa Bold||||||||\u00bb content_text_align=\u00bbcenter\u00bb content_font_size=\u00bb60px\u00bb content_line_height=\u00bb1.3em\u00bb background_enable_color=\u00bboff\u00bb custom_padding=\u00bb100px||100px||false|false\u00bb title_line_height_last_edited=\u00bboff|phone\u00bb content_font_size_tablet=\u00bb\u00bb content_font_size_phone=\u00bb\u00bb content_font_size_last_edited=\u00bbon|desktop\u00bb global_colors_info=\u00bb{}\u00bb][\/et_pb_fullwidth_header][\/et_pb_section][et_pb_section fb_built=\u00bb1&#8243; _builder_version=\u00bb4.16&#8243; locked=\u00bboff\u00bb global_colors_info=\u00bb{}\u00bb][et_pb_row _builder_version=\u00bb4.18.0&#8243; width=\u00bb55%\u00bb width_tablet=\u00bb55%\u00bb width_phone=\u00bb55%\u00bb width_last_edited=\u00bbon|desktop\u00bb custom_margin=\u00bb||20px||false|false\u00bb global_colors_info=\u00bb{}\u00bb][et_pb_column type=\u00bb4_4&#8243; _builder_version=\u00bb4.16&#8243; global_colors_info=\u00bb{}\u00bb][et_pb_text _builder_version=\u00bb4.20.2&#8243; text_font=\u00bbNexa Black||||||||\u00bb text_font_size=\u00bb16px\u00bb text_letter_spacing=\u00bb1px\u00bb text_line_height=\u00bb1.6em\u00bb header_font=\u00bbNexa Bold|900||on|||||\u00bb header_font_size=\u00bb40px\u00bb header_2_font=\u00bbNexa Bold|900|||||||\u00bb header_2_font_size=\u00bb60px\u00bb header_2_line_height=\u00bb1.2em\u00bb text_orientation=\u00bbcenter\u00bb header_2_font_size_tablet=\u00bb\u00bb header_2_font_size_phone=\u00bb42px\u00bb header_2_font_size_last_edited=\u00bbon|phone\u00bb global_colors_info=\u00bb{}\u00bb]<span style=\"font-weight: 900; font-size: 36px;\"><b>Descarga tu copia ahora<\/b><\/span><\/p>\n<p><img loading=\"lazy\" decoding=\"async\" src=\"https:\/\/valiani.com\/wp-content\/uploads\/2021\/12\/download.png\" width=\"47\" height=\"72\" alt=\"\" class=\"wp-image-10701 aligncenter size-full\" \/>[\/et_pb_text][et_pb_text _builder_version=\u00bb4.20.2&#8243; _module_preset=\u00bbdefault\u00bb text_font_size=\u00bb16px\u00bb text_orientation=\u00bbcenter\u00bb custom_padding=\u00bb|50px||50px|false|true\u00bb global_colors_info=\u00bb{}\u00bb]<\/p>\n<p>\u00bfLe gustar\u00eda tener todos los detalles sobre nuestras m\u00e1quinas de corte, herramientas, software y tecnolog\u00edas siempre actualizados? \u00fatil?<\/p>\n<p>Con el nuevo cat\u00e1logo Valiani, ` en cualquier momento, puedes descubrir un mundo de nuevas posibilidades para tu negocio.<\/p>\n<p>[\/et_pb_text][\/et_pb_column][\/et_pb_row][et_pb_row column_structure=\u00bb1_2,1_2&#8243; _builder_version=\u00bb4.16&#8243; _module_preset=\u00bbdefault\u00bb global_colors_info=\u00bb{}\u00bb][et_pb_column type=\u00bb1_2&#8243; _builder_version=\u00bb4.16&#8243; _module_preset=\u00bbdefault\u00bb background_enable_image=\u00bboff\u00bb global_colors_info=\u00bb{}\u00bb][et_pb_image src=\u00bbhttps:\/\/valiani.com\/wp-content\/uploads\/2021\/12\/mockup-Sign-sfondo-box.png\u00bb title_text=\u00bbmockup Sign sfondo box\u00bb url=\u00bb#\u00bb module_id=\u00bbdownload-catalog-sign\u00bb _builder_version=\u00bb4.20.2&#8243; _module_preset=\u00bbdefault\u00bb width_phone=\u00bb100%\u00bb width_last_edited=\u00bboff|phone\u00bb global_colors_info=\u00bb{}\u00bb][\/et_pb_image][et_pb_text _builder_version=\u00bb4.16&#8243; _module_preset=\u00bbdefault\u00bb text_font=\u00bbNexa Black||||||||\u00bb text_text_color=\u00bb#FFFFFF\u00bb text_font_size=\u00bb25px\u00bb text_orientation=\u00bbcenter\u00bb custom_margin=\u00bb-70px||||false|false\u00bb custom_margin_tablet=\u00bb-70px||||false|false\u00bb custom_margin_phone=\u00bb-60px||||false|false\u00bb custom_margin_last_edited=\u00bbon|phone\u00bb text_font_size_tablet=\u00bb30px\u00bb text_font_size_phone=\u00bb22px\u00bb text_font_size_last_edited=\u00bbon|phone\u00bb text_text_shadow_style=\u00bbpreset1&#8243; global_colors_info=\u00bb{}\u00bb]<\/p>\n<p><strong>Print, Sign &amp; Packaging Catalogue<\/strong><\/p>\n<p>[\/et_pb_text][et_pb_button button_url=\u00bb#\u00bb button_text=\u00bbDESCARGAR AHORA\u00bb button_alignment=\u00bbcenter\u00bb button_alignment_phone=\u00bbcenter\u00bb button_alignment_last_edited=\u00bboff|desktop\u00bb module_id=\u00bbdownload-catalog-sign\u00bb _builder_version=\u00bb4.21.0&#8243; custom_button=\u00bbon\u00bb button_text_size=\u00bb16px\u00bb button_text_color=\u00bb#ffffff\u00bb button_bg_color=\u00bb#007cba\u00bb button_border_width=\u00bb0px\u00bb button_border_radius=\u00bb10px\u00bb button_font=\u00bbNexa Bold|||on|||||\u00bb button_use_icon=\u00bboff\u00bb background_layout=\u00bbdark\u00bb custom_padding=\u00bb10px|40px||40px|false|true\u00bb locked=\u00bboff\u00bb global_colors_info=\u00bb{}\u00bb button_text_color__hover_enabled=\u00bbon|desktop\u00bb button_text_color__hover=\u00bb#FFFFFF\u00bb button_bg_color__hover_enabled=\u00bbon|hover\u00bb button_bg_color__hover=\u00bb#374345&#8243; button_bg_enable_color__hover=\u00bbon\u00bb][\/et_pb_button][\/et_pb_column][et_pb_column type=\u00bb1_2&#8243; _builder_version=\u00bb4.16&#8243; _module_preset=\u00bbdefault\u00bb global_colors_info=\u00bb{}\u00bb][et_pb_image src=\u00bbhttps:\/\/valiani.com\/wp-content\/uploads\/2021\/12\/mockup-Frame-sfondo.png\u00bb title_text=\u00bbmockup Frame sfondo\u00bb url=\u00bb#\u00bb module_id=\u00bbdownload-catalog-framing\u00bb _builder_version=\u00bb4.16&#8243; _module_preset=\u00bbdefault\u00bb global_colors_info=\u00bb{}\u00bb][\/et_pb_image][et_pb_text _builder_version=\u00bb4.16&#8243; _module_preset=\u00bbdefault\u00bb text_font=\u00bbNexa Black||||||||\u00bb text_text_color=\u00bb#FFFFFF\u00bb text_font_size=\u00bb25px\u00bb text_orientation=\u00bbcenter\u00bb custom_margin=\u00bb-70px||||false|false\u00bb custom_margin_tablet=\u00bb-70px||||false|false\u00bb custom_margin_phone=\u00bb-60px||||false|false\u00bb custom_margin_last_edited=\u00bbon|phone\u00bb text_font_size_tablet=\u00bb30px\u00bb text_font_size_phone=\u00bb22px\u00bb text_font_size_last_edited=\u00bbon|phone\u00bb text_text_shadow_style=\u00bbpreset1&#8243; global_colors_info=\u00bb{}\u00bb]<\/p>\n<p><strong>Framing Catalogue<\/strong><\/p>\n<p>[\/et_pb_text][et_pb_button button_url=\u00bb#\u00bb button_text=\u00bbDESCARGAR AHORA\u00bb button_alignment=\u00bbcenter\u00bb button_alignment_phone=\u00bbcenter\u00bb button_alignment_last_edited=\u00bboff|desktop\u00bb module_id=\u00bbdownload-catalog-framing\u00bb _builder_version=\u00bb4.21.0&#8243; custom_button=\u00bbon\u00bb button_text_size=\u00bb16px\u00bb button_text_color=\u00bb#ffffff\u00bb button_bg_color=\u00bb#f2d500&#8243; button_border_width=\u00bb0px\u00bb button_border_radius=\u00bb10px\u00bb button_font=\u00bbNexa Bold|||on|||||\u00bb button_use_icon=\u00bboff\u00bb background_layout=\u00bbdark\u00bb custom_padding=\u00bb10px|40px||40px|false|true\u00bb locked=\u00bboff\u00bb global_colors_info=\u00bb{}\u00bb button_text_color__hover_enabled=\u00bbon|desktop\u00bb button_text_color__hover=\u00bb#FFFFFF\u00bb button_bg_color__hover_enabled=\u00bbon|hover\u00bb button_bg_color__hover=\u00bb#374345&#8243; button_bg_enable_color__hover=\u00bbon\u00bb][\/et_pb_button][\/et_pb_column][\/et_pb_row][et_pb_row column_structure=\u00bb1_3,1_3,1_3&#8243; custom_padding_last_edited=\u00bbon|desktop\u00bb disabled_on=\u00bbon|on|on\u00bb _builder_version=\u00bb4.23.1&#8243; _module_preset=\u00bbdefault\u00bb width=\u00bb100%\u00bb width_tablet=\u00bb100%\u00bb width_phone=\u00bb100%\u00bb width_last_edited=\u00bbon|desktop\u00bb max_width=\u00bb80%\u00bb max_width_tablet=\u00bb80%\u00bb max_width_phone=\u00bb80%\u00bb max_width_last_edited=\u00bbon|desktop\u00bb custom_padding=\u00bb50px||||false|false\u00bb custom_padding_tablet=\u00bb50px||||false|false\u00bb custom_padding_phone=\u00bb50px||||false|false\u00bb disabled=\u00bbon\u00bb global_colors_info=\u00bb{}\u00bb locked=\u00bboff\u00bb][et_pb_column type=\u00bb1_3&#8243; disabled_on=\u00bbon|on|on\u00bb _builder_version=\u00bb4.16&#8243; _module_preset=\u00bbdefault\u00bb disabled=\u00bbon\u00bb global_colors_info=\u00bb{}\u00bb][\/et_pb_column][et_pb_column type=\u00bb1_3&#8243; _builder_version=\u00bb4.16&#8243; _module_preset=\u00bbdefault\u00bb background_enable_image=\u00bboff\u00bb global_colors_info=\u00bb{}\u00bb][et_pb_image src=\u00bbhttps:\/\/valiani.com\/wp-content\/uploads\/2023\/11\/mockup-Ricambi-sfondo.png\u00bb title_text=\u00bbmockup Ricambi sfondo\u00bb url=\u00bb#\u00bb show_bottom_space=\u00bboff\u00bb module_id=\u00bbdownload-catalog-spare\u00bb _builder_version=\u00bb4.23.1&#8243; _module_preset=\u00bbdefault\u00bb custom_padding=\u00bb10px||10px||false|false\u00bb hover_enabled=\u00bb0&#8243; global_colors_info=\u00bb{}\u00bb sticky_enabled=\u00bb0&#8243;][\/et_pb_image][et_pb_text _builder_version=\u00bb4.23.1&#8243; _module_preset=\u00bbdefault\u00bb text_font=\u00bbNexa Black||||||||\u00bb text_text_color=\u00bb#54565a\u00bb text_font_size=\u00bb25px\u00bb text_orientation=\u00bbcenter\u00bb custom_margin=\u00bb-70px||||false|false\u00bb custom_margin_tablet=\u00bb-70px||||false|false\u00bb custom_margin_phone=\u00bb-60px||||false|false\u00bb custom_margin_last_edited=\u00bbon|phone\u00bb hover_enabled=\u00bb0&#8243; text_font_size_tablet=\u00bb30px\u00bb text_font_size_phone=\u00bb22px\u00bb text_font_size_last_edited=\u00bbon|phone\u00bb text_text_shadow_style=\u00bbpreset1&#8243; global_colors_info=\u00bb{}\u00bb sticky_enabled=\u00bb0&#8243;]<strong>Cat\u00e1logo de Repuestos<\/strong>[\/et_pb_text][et_pb_button button_url=\u00bb#\u00bb button_text=\u00bbDescarga el cat\u00e1logo de Repuestos\u00bb button_alignment=\u00bbcenter\u00bb button_alignment_phone=\u00bbcenter\u00bb button_alignment_last_edited=\u00bboff|desktop\u00bb module_id=\u00bbdownload-catalog-spare\u00bb _builder_version=\u00bb4.23.1&#8243; custom_button=\u00bbon\u00bb button_text_size=\u00bb16px\u00bb button_text_color=\u00bb#ffffff\u00bb button_bg_color=\u00bb#54565a\u00bb button_border_width=\u00bb0px\u00bb button_border_radius=\u00bb10px\u00bb button_font=\u00bbNexa Bold|||on|||||\u00bb button_use_icon=\u00bboff\u00bb background_layout=\u00bbdark\u00bb custom_padding=\u00bb10px|40px||40px|false|true\u00bb hover_enabled=\u00bb0&#8243; locked=\u00bboff\u00bb global_colors_info=\u00bb{}\u00bb button_text_color__hover_enabled=\u00bbon|desktop\u00bb button_text_color__hover=\u00bb#FFFFFF\u00bb button_bg_color__hover_enabled=\u00bbon|hover\u00bb button_bg_color__hover=\u00bb#374345&#8243; button_bg_enable_color__hover=\u00bbon\u00bb sticky_enabled=\u00bb0&#8243;][\/et_pb_button][\/et_pb_column][et_pb_column type=\u00bb1_3&#8243; _builder_version=\u00bb4.16&#8243; _module_preset=\u00bbdefault\u00bb global_colors_info=\u00bb{}\u00bb][\/et_pb_column][\/et_pb_row][et_pb_row _builder_version=\u00bb4.16&#8243; custom_margin=\u00bb||20px||false|false\u00bb global_colors_info=\u00bb{}\u00bb][et_pb_column type=\u00bb4_4&#8243; _builder_version=\u00bb4.16&#8243; global_colors_info=\u00bb{}\u00bb][et_pb_text _builder_version=\u00bb4.20.2&#8243; _module_preset=\u00bbdefault\u00bb text_font_size=\u00bb16px\u00bb text_orientation=\u00bbcenter\u00bb custom_padding=\u00bb|50px||50px|false|true\u00bb global_colors_info=\u00bb{}\u00bb]<\/p>\n<p style=\"text-transform:uppercase\"><b>Los cat\u00e1logos est\u00e1n disponibles en ingl\u00e9s.<\/b><\/p>\n<p><strong>\u00bfLe gustar\u00eda recibir una copia impresa?<\/strong><br \/>\nEscr\u00edbenos a <a href=\"mailto:info@valiani.it\">info@valiani.it<\/a>[\/et_pb_text][\/et_pb_column][\/et_pb_row][\/et_pb_section]<\/p>\n","protected":false},"excerpt":{"rendered":"<p>Descarga tu copia ahora \u00bfLe gustar\u00eda tener todos los detalles sobre nuestras m\u00e1quinas de corte, herramientas, software y tecnolog\u00edas siempre actualizados? \u00fatil? Con el nuevo cat\u00e1logo Valiani, ` en cualquier momento, puedes descubrir un mundo de nuevas posibilidades para tu negocio.Print, Sign &amp; Packaging CatalogueFraming CatalogueCat\u00e1logo de RepuestosLos cat\u00e1logos est\u00e1n disponibles en ingl\u00e9s. \u00bfLe gustar\u00eda [&hellip;]<\/p>\n","protected":false},"author":2,"featured_media":0,"parent":0,"menu_order":22,"comment_status":"closed","ping_status":"closed","template":"","meta":{"_acf_changed":false,"_et_pb_use_builder":"on","_et_pb_old_content":"","_et_gb_content_width":"","footnotes":""},"class_list":["post-244726","page","type-page","status-publish","hentry"],"acf":[],"yoast_head":"<!-- This site is optimized with the Yoast SEO plugin v26.9 - https:\/\/yoast.com\/product\/yoast-seo-wordpress\/ -->\n<title>T\u00e9l\u00e9chargez le catalogue | Machines de d\u00e9coupe Valiani<\/title>\n<meta name=\"description\" content=\"T\u00e9l\u00e9chargez le catalogue le plus \u00e0 jour et d\u00e9couvrez tous les d\u00e9tails sur les machines de d\u00e9coupe, les outils et les logiciels Valiani\" \/>\n<meta name=\"robots\" content=\"index, follow, max-snippet:-1, max-image-preview:large, max-video-preview:-1\" \/>\n<link rel=\"canonical\" href=\"https:\/\/valiani.com\/es\/catalogues\/\" \/>\n<meta property=\"og:locale\" content=\"es_ES\" \/>\n<meta property=\"og:type\" content=\"article\" \/>\n<meta property=\"og:title\" content=\"T\u00e9l\u00e9chargez le catalogue | Machines de d\u00e9coupe Valiani\" \/>\n<meta property=\"og:description\" content=\"T\u00e9l\u00e9chargez le catalogue le plus \u00e0 jour et d\u00e9couvrez tous les d\u00e9tails sur les machines de d\u00e9coupe, les outils et les logiciels Valiani\" \/>\n<meta property=\"og:url\" content=\"https:\/\/valiani.com\/es\/catalogues\/\" \/>\n<meta property=\"og:site_name\" content=\"Valiani\" \/>\n<meta property=\"article:modified_time\" content=\"2023-11-09T15:19:38+00:00\" \/>\n<meta property=\"og:image\" content=\"https:\/\/valiani.com\/wp-content\/uploads\/2021\/12\/download.png\" \/>\n<meta name=\"twitter:card\" content=\"summary_large_image\" \/>\n<meta name=\"twitter:label1\" content=\"Tiempo de lectura\" \/>\n\t<meta name=\"twitter:data1\" content=\"7 minutos\" \/>\n<script type=\"application\/ld+json\" class=\"yoast-schema-graph\">{\"@context\":\"https:\/\/schema.org\",\"@graph\":[{\"@type\":\"WebPage\",\"@id\":\"https:\/\/valiani.com\/es\/catalogues\/\",\"url\":\"https:\/\/valiani.com\/es\/catalogues\/\",\"name\":\"T\u00e9l\u00e9chargez le catalogue | Machines de d\u00e9coupe Valiani\",\"isPartOf\":{\"@id\":\"https:\/\/valiani.com\/es\/#website\"},\"primaryImageOfPage\":{\"@id\":\"https:\/\/valiani.com\/es\/catalogues\/#primaryimage\"},\"image\":{\"@id\":\"https:\/\/valiani.com\/es\/catalogues\/#primaryimage\"},\"thumbnailUrl\":\"https:\/\/valiani.com\/wp-content\/uploads\/2021\/12\/download.png\",\"datePublished\":\"2021-12-28T16:53:47+00:00\",\"dateModified\":\"2023-11-09T15:19:38+00:00\",\"description\":\"T\u00e9l\u00e9chargez le catalogue le plus \u00e0 jour et d\u00e9couvrez tous les d\u00e9tails sur les machines de d\u00e9coupe, les outils et les logiciels Valiani\",\"breadcrumb\":{\"@id\":\"https:\/\/valiani.com\/es\/catalogues\/#breadcrumb\"},\"inLanguage\":\"es\",\"potentialAction\":[{\"@type\":\"ReadAction\",\"target\":[\"https:\/\/valiani.com\/es\/catalogues\/\"]}]},{\"@type\":\"ImageObject\",\"inLanguage\":\"es\",\"@id\":\"https:\/\/valiani.com\/es\/catalogues\/#primaryimage\",\"url\":\"https:\/\/valiani.com\/wp-content\/uploads\/2021\/12\/download.png\",\"contentUrl\":\"https:\/\/valiani.com\/wp-content\/uploads\/2021\/12\/download.png\"},{\"@type\":\"BreadcrumbList\",\"@id\":\"https:\/\/valiani.com\/es\/catalogues\/#breadcrumb\",\"itemListElement\":[{\"@type\":\"ListItem\",\"position\":1,\"name\":\"Home\",\"item\":\"https:\/\/valiani.com\/es\/\"},{\"@type\":\"ListItem\",\"position\":2,\"name\":\"Catalogues\"}]},{\"@type\":\"WebSite\",\"@id\":\"https:\/\/valiani.com\/es\/#website\",\"url\":\"https:\/\/valiani.com\/es\/\",\"name\":\"Valiani\",\"description\":\"your perfect cut\",\"potentialAction\":[{\"@type\":\"SearchAction\",\"target\":{\"@type\":\"EntryPoint\",\"urlTemplate\":\"https:\/\/valiani.com\/es\/?s={search_term_string}\"},\"query-input\":{\"@type\":\"PropertyValueSpecification\",\"valueRequired\":true,\"valueName\":\"search_term_string\"}}],\"inLanguage\":\"es\"}]}<\/script>\n<!-- \/ Yoast SEO plugin. -->","yoast_head_json":{"title":"T\u00e9l\u00e9chargez le catalogue | Machines de d\u00e9coupe Valiani","description":"T\u00e9l\u00e9chargez le catalogue le plus \u00e0 jour et d\u00e9couvrez tous les d\u00e9tails sur les machines de d\u00e9coupe, les outils et les logiciels Valiani","robots":{"index":"index","follow":"follow","max-snippet":"max-snippet:-1","max-image-preview":"max-image-preview:large","max-video-preview":"max-video-preview:-1"},"canonical":"https:\/\/valiani.com\/es\/catalogues\/","og_locale":"es_ES","og_type":"article","og_title":"T\u00e9l\u00e9chargez le catalogue | Machines de d\u00e9coupe Valiani","og_description":"T\u00e9l\u00e9chargez le catalogue le plus \u00e0 jour et d\u00e9couvrez tous les d\u00e9tails sur les machines de d\u00e9coupe, les outils et les logiciels Valiani","og_url":"https:\/\/valiani.com\/es\/catalogues\/","og_site_name":"Valiani","article_modified_time":"2023-11-09T15:19:38+00:00","og_image":[{"url":"https:\/\/valiani.com\/wp-content\/uploads\/2021\/12\/download.png","type":"","width":"","height":""}],"twitter_card":"summary_large_image","twitter_misc":{"Tiempo de lectura":"7 minutos"},"schema":{"@context":"https:\/\/schema.org","@graph":[{"@type":"WebPage","@id":"https:\/\/valiani.com\/es\/catalogues\/","url":"https:\/\/valiani.com\/es\/catalogues\/","name":"T\u00e9l\u00e9chargez le catalogue | Machines de d\u00e9coupe Valiani","isPartOf":{"@id":"https:\/\/valiani.com\/es\/#website"},"primaryImageOfPage":{"@id":"https:\/\/valiani.com\/es\/catalogues\/#primaryimage"},"image":{"@id":"https:\/\/valiani.com\/es\/catalogues\/#primaryimage"},"thumbnailUrl":"https:\/\/valiani.com\/wp-content\/uploads\/2021\/12\/download.png","datePublished":"2021-12-28T16:53:47+00:00","dateModified":"2023-11-09T15:19:38+00:00","description":"T\u00e9l\u00e9chargez le catalogue le plus \u00e0 jour et d\u00e9couvrez tous les d\u00e9tails sur les machines de d\u00e9coupe, les outils et les logiciels Valiani","breadcrumb":{"@id":"https:\/\/valiani.com\/es\/catalogues\/#breadcrumb"},"inLanguage":"es","potentialAction":[{"@type":"ReadAction","target":["https:\/\/valiani.com\/es\/catalogues\/"]}]},{"@type":"ImageObject","inLanguage":"es","@id":"https:\/\/valiani.com\/es\/catalogues\/#primaryimage","url":"https:\/\/valiani.com\/wp-content\/uploads\/2021\/12\/download.png","contentUrl":"https:\/\/valiani.com\/wp-content\/uploads\/2021\/12\/download.png"},{"@type":"BreadcrumbList","@id":"https:\/\/valiani.com\/es\/catalogues\/#breadcrumb","itemListElement":[{"@type":"ListItem","position":1,"name":"Home","item":"https:\/\/valiani.com\/es\/"},{"@type":"ListItem","position":2,"name":"Catalogues"}]},{"@type":"WebSite","@id":"https:\/\/valiani.com\/es\/#website","url":"https:\/\/valiani.com\/es\/","name":"Valiani","description":"your perfect cut","potentialAction":[{"@type":"SearchAction","target":{"@type":"EntryPoint","urlTemplate":"https:\/\/valiani.com\/es\/?s={search_term_string}"},"query-input":{"@type":"PropertyValueSpecification","valueRequired":true,"valueName":"search_term_string"}}],"inLanguage":"es"}]}},"_links":{"self":[{"href":"https:\/\/valiani.com\/es\/wp-json\/wp\/v2\/pages\/244726","targetHints":{"allow":["GET"]}}],"collection":[{"href":"https:\/\/valiani.com\/es\/wp-json\/wp\/v2\/pages"}],"about":[{"href":"https:\/\/valiani.com\/es\/wp-json\/wp\/v2\/types\/page"}],"author":[{"embeddable":true,"href":"https:\/\/valiani.com\/es\/wp-json\/wp\/v2\/users\/2"}],"replies":[{"embeddable":true,"href":"https:\/\/valiani.com\/es\/wp-json\/wp\/v2\/comments?post=244726"}],"version-history":[{"count":5,"href":"https:\/\/valiani.com\/es\/wp-json\/wp\/v2\/pages\/244726\/revisions"}],"predecessor-version":[{"id":248777,"href":"https:\/\/valiani.com\/es\/wp-json\/wp\/v2\/pages\/244726\/revisions\/248777"}],"wp:attachment":[{"href":"https:\/\/valiani.com\/es\/wp-json\/wp\/v2\/media?parent=244726"}],"curies":[{"name":"wp","href":"https:\/\/api.w.org\/{rel}","templated":true}]}}