{"id":244723,"date":"2020-05-12T13:08:16","date_gmt":"2020-05-12T11:08:16","guid":{"rendered":"https:\/\/valiani.com\/por-creo-fesr-2014-2020\/"},"modified":"2024-01-02T11:58:39","modified_gmt":"2024-01-02T10:58:39","slug":"por-creo-fesr-2014-2020","status":"publish","type":"page","link":"https:\/\/valiani.com\/es\/por-creo-fesr-2014-2020\/","title":{"rendered":"Por Creo Fesr 2014-2020"},"content":{"rendered":"<p>[et_pb_section fb_built=\u00bb1&#8243; fullwidth=\u00bbon\u00bb custom_padding_last_edited=\u00bbon|phone\u00bb _builder_version=\u00bb4.16&#8243; background_color=\u00bb#3b4444&#8243; use_background_color_gradient=\u00bbon\u00bb background_color_gradient_direction=\u00bb170deg\u00bb background_color_gradient_stops=\u00bbrgba(59,68,68,0.9) 0%|rgba(59,68,68,0.5) 100%\u00bb background_color_gradient_overlays_image=\u00bbon\u00bb background_color_gradient_start=\u00bbrgba(59,68,68,0.9)\u00bb background_color_gradient_end=\u00bbrgba(59,68,68,0.5)\u00bb background_image=\u00bbhttps:\/\/valiani.com\/wp-content\/uploads\/2020\/03\/foto_azienda_1-01-2.jpg\u00bb min_height=\u00bb250px\u00bb custom_padding=\u00bb||||false|false\u00bb custom_padding_tablet=\u00bb\u00bb custom_padding_phone=\u00bb80px||80px||false|false\u00bb bottom_divider_style=\u00bbslant2&#8243; bottom_divider_color=\u00bb#ffffff\u00bb global_colors_info=\u00bb{}\u00bb][et_pb_fullwidth_header _builder_version=\u00bb4.20.2&#8243; title_level=\u00bbh2&#8243; title_line_height=\u00bb1.2em\u00bb content_font=\u00bbNexa Bold||||||||\u00bb content_text_align=\u00bbcenter\u00bb content_font_size=\u00bb60px\u00bb content_line_height=\u00bb1.2em\u00bb background_enable_color=\u00bboff\u00bb custom_padding=\u00bb100px||100px||false|false\u00bb global_colors_info=\u00bb{}\u00bb]Transparencia[\/et_pb_fullwidth_header][\/et_pb_section][et_pb_section fb_built=\u00bb1&#8243; _builder_version=\u00bb4.16&#8243; module_alignment=\u00bbcenter\u00bb custom_margin=\u00bb||50px||false|false\u00bb custom_padding=\u00bb0px||0px||false|false\u00bb bottom_divider_color=\u00bb#d7d8d5&#8243; locked=\u00bboff\u00bb global_colors_info=\u00bb{}\u00bb][et_pb_row column_structure=\u00bb1_6,1_6,1_6,1_6,1_6,1_6&#8243; _builder_version=\u00bb4.19.0&#8243; custom_padding=\u00bb||50px||false|false\u00bb border_width_bottom=\u00bb1px\u00bb border_color_bottom=\u00bb#000000&#8243; global_colors_info=\u00bb{}\u00bb][et_pb_column type=\u00bb1_6&#8243; _builder_version=\u00bb4.16&#8243; global_colors_info=\u00bb{}\u00bb][et_pb_blurb title=\u00bbValiani Lean\u00bb url=\u00bb\/porfesr\/Valiani-Lean.pdf\u00bb url_new_window=\u00bbon\u00bb image=\u00bbhttps:\/\/valiani.com\/wp-content\/uploads\/2020\/05\/Valiani-Lean.jpg\u00bb admin_label=\u00bbLean\u00bb _builder_version=\u00bb4.16&#8243; link_option_url=\u00bb\/porfesr\/Valiani-Lean.pdf\u00bb link_option_url_new_window=\u00bbon\u00bb global_colors_info=\u00bb{}\u00bb][\/et_pb_blurb][\/et_pb_column][et_pb_column type=\u00bb1_6&#8243; _builder_version=\u00bb4.16&#8243; global_colors_info=\u00bb{}\u00bb][et_pb_blurb title=\u00bbValiani Internazionalizzazione 2016&#8243; url=\u00bb\/porfesr\/Valiani-Internazionalizzazione.pdf\u00bb url_new_window=\u00bbon\u00bb image=\u00bbhttps:\/\/valiani.com\/wp-content\/uploads\/2020\/05\/Valiani-Internazionalizzazione.jpg\u00bb admin_label=\u00bbInternazionalizzazione\u00bb _builder_version=\u00bb4.16&#8243; link_option_url=\u00bb\/porfesr\/Valiani-Internazionalizzazione.pdf\u00bb link_option_url_new_window=\u00bbon\u00bb global_colors_info=\u00bb{}\u00bb][\/et_pb_blurb][\/et_pb_column][et_pb_column type=\u00bb1_6&#8243; _builder_version=\u00bb4.16&#8243; global_colors_info=\u00bb{}\u00bb][et_pb_blurb title=\u00bbValiani LK 4.0&#8243; url=\u00bb\/porfesr\/Valiani-LK40.pdf\u00bb url_new_window=\u00bbon\u00bb image=\u00bbhttps:\/\/valiani.com\/wp-content\/uploads\/2020\/05\/Valiani-LK40.jpg\u00bb admin_label=\u00bbLK 4.0&#8243; _builder_version=\u00bb4.16&#8243; link_option_url=\u00bb\/porfesr\/Valiani-LK40.pdf\u00bb link_option_url_new_window=\u00bbon\u00bb global_colors_info=\u00bb{}\u00bb][\/et_pb_blurb][\/et_pb_column][et_pb_column type=\u00bb1_6&#8243; _builder_version=\u00bb4.16&#8243; global_colors_info=\u00bb{}\u00bb][et_pb_blurb title=\u00bbValiani Evolution\u00bb url=\u00bb\/porfesr\/Valiani-Evolution.pdf\u00bb url_new_window=\u00bbon\u00bb image=\u00bbhttps:\/\/valiani.com\/wp-content\/uploads\/2020\/05\/Valiani-Evolution.jpg\u00bb admin_label=\u00bbEvolution\u00bb _builder_version=\u00bb4.16&#8243; link_option_url=\u00bb\/porfesr\/Valiani-Evolution.pdf\u00bb link_option_url_new_window=\u00bbon\u00bb global_colors_info=\u00bb{}\u00bb][\/et_pb_blurb][\/et_pb_column][et_pb_column type=\u00bb1_6&#8243; _builder_version=\u00bb4.16&#8243; global_colors_info=\u00bb{}\u00bb][et_pb_blurb title=\u00bbValiani Innova 2020&#8243; url=\u00bb\/porfesr\/valiani-innova-2020.pdf\u00bb url_new_window=\u00bbon\u00bb image=\u00bbhttps:\/\/valiani.com\/wp-content\/uploads\/2022\/04\/valiani-innova-2020.jpg\u00bb admin_label=\u00bbEvolution\u00bb _builder_version=\u00bb4.16&#8243; link_option_url=\u00bb\/porfesr\/valiani-innova-2020.pdf\u00bb link_option_url_new_window=\u00bbon\u00bb locked=\u00bboff\u00bb global_colors_info=\u00bb{}\u00bb][\/et_pb_blurb][\/et_pb_column][et_pb_column type=\u00bb1_6&#8243; _builder_version=\u00bb4.16&#8243; global_colors_info=\u00bb{}\u00bb][et_pb_blurb title=\u00bbValiani &#8211; Ali alle tue idee &#8211; 2022&#8243; url=\u00bbhttps:\/\/valiani.com\/wp-content\/uploads\/2022\/10\/bando-2022.jpg\u00bb url_new_window=\u00bbon\u00bb image=\u00bbhttps:\/\/valiani.com\/wp-content\/uploads\/2022\/10\/bando-2022.jpg\u00bb admin_label=\u00bbEvolution\u00bb _builder_version=\u00bb4.18.0&#8243; link_option_url=\u00bbhttps:\/\/valiani.com\/wp-content\/uploads\/2022\/10\/bando-2022.jpg\u00bb link_option_url_new_window=\u00bbon\u00bb locked=\u00bboff\u00bb global_colors_info=\u00bb{}\u00bb][\/et_pb_blurb][\/et_pb_column][\/et_pb_row][et_pb_row _builder_version=\u00bb4.19.0&#8243; _module_preset=\u00bbdefault\u00bb global_colors_info=\u00bb{}\u00bb][et_pb_column type=\u00bb4_4&#8243; _builder_version=\u00bb4.19.0&#8243; _module_preset=\u00bbdefault\u00bb global_colors_info=\u00bb{}\u00bb][et_pb_text _builder_version=\u00bb4.20.2&#8243; _module_preset=\u00bbdefault\u00bb text_font=\u00bbNexa Bold||||||||\u00bb header_3_text_align=\u00bbcenter\u00bb global_colors_info=\u00bb{}\u00bb]<\/p>\n<h3>TRANSPARENCIA DE LAS CONTRIBUCIONES P\u00daBLICAS A LAS EMPRESAS Ley n.124\/2017<\/h3>\n<p>[\/et_pb_text][et_pb_text _builder_version=\u00bb4.20.2&#8243; _module_preset=\u00bbdefault\u00bb text_font=\u00bbNexa Bold||||||||\u00bb text_orientation=\u00bbcenter\u00bb global_colors_info=\u00bb{}\u00bb]Empresa: Valiani srl sede en Certaldo CF-05277940481[\/et_pb_text][et_pb_text disabled_on=\u00bbon|on|on\u00bb _builder_version=\u00bb4.19.0&#8243; _module_preset=\u00bbdefault\u00bb text_font=\u00bbNexa Bold||||||||\u00bb disabled=\u00bbon\u00bb global_colors_info=\u00bb{}\u00bb]<\/p>\n<p>Il Sig. Valiani Nico nato a Vinci il VINCI il 14\/10\/1973 cod. fisc. VLNNCI73R14M059O e residente a Certaldo in via\/piazza Delle Regioni n. 309, Amministratore della societ\u00e0 VALIANI SRL sede Certaldo CF-05277940481 Associata a CNA Firenze<\/p>\n<p>[\/et_pb_text][et_pb_text _builder_version=\u00bb4.23.1&#8243; _module_preset=\u00bbdefault\u00bb global_colors_info=\u00bb{}\u00bb]<\/p>\n<table style=\"font-weight: 400;\" border=\"1\">\n<tbody>\n<tr>\n<td width=\"211\"><strong>Motivo (descripci\u00f3n del beneficio)<\/strong><\/td>\n<td width=\"111\"><strong>T\u00edtulo (referencia normativa, anuncio, etc.)<\/strong><\/td>\n<td width=\"111\"><strong>Fecha de colecci\u00f3n<\/strong><\/td>\n<td width=\"111\"><strong>Cantidad*<\/strong><\/td>\n<td width=\"111\"><strong>Proporcionar cuerpo<\/strong><\/td>\n<td width=\"111\"><strong>C\u00f3digo fiscal del organismo emisor<\/strong><\/td>\n<\/tr>\n<tr>\n<td width=\"211\">Esonero Contrib.<\/td>\n<td width=\"111\">Legge 178\/20<\/td>\n<td width=\"111\">31\/12\/2022<\/td>\n<td width=\"111\">4.806,82<\/td>\n<td width=\"111\">INPS<\/td>\n<td width=\"111\">80230390587<\/td>\n<\/tr>\n<tr>\n<td width=\"211\">Voucher Digitale 4.0<\/td>\n<td width=\"111\">Voucher PID 2022<\/td>\n<td width=\"111\">02\/12\/2022<\/td>\n<td width=\"111\">4.800,00<\/td>\n<td width=\"111\">CCIAA Firenze<\/td>\n<td width=\"111\">80002690487<\/td>\n<\/tr>\n<tr>\n<td width=\"211\">Contributo Reg. Toscana<\/td>\n<td width=\"111\">Contributi Tirocinanti<\/td>\n<td width=\"111\">27\/09\/2022<\/td>\n<td width=\"111\">1.500,00<\/td>\n<td width=\"111\">Regione Toscana<\/td>\n<td width=\"111\">01386030488<\/td>\n<\/tr>\n<tr>\n<td width=\"211\">DL Rilancio 104\/2020<\/td>\n<td width=\"111\">Valiani innova 2020<\/td>\n<td width=\"111\">02\/12\/2022<\/td>\n<td width=\"111\">60.720,00<\/td>\n<td width=\"111\">Regione Toscana<\/td>\n<td width=\"111\">01386030488<\/td>\n<\/tr>\n<\/tbody>\n<\/table>\n<p>[\/et_pb_text][et_pb_text _builder_version=\u00bb4.20.2&#8243; _module_preset=\u00bbdefault\u00bb text_font=\u00bbNexa Bold||||||||\u00bb text_orientation=\u00bbcenter\u00bb global_colors_info=\u00bb{}\u00bb]La empresa ha recibido prestaciones del r\u00e9gimen de ayudas estatales y del r\u00e9gimen de minimis para las que existe obligaci\u00f3n de publicaci\u00f3n en el Registro Nacional de ayudas estatales seg\u00fan el art\u00edculo 52 de la Ley 234\/2012[\/et_pb_text][\/et_pb_column][\/et_pb_row][\/et_pb_section]<\/p>\n","protected":false},"excerpt":{"rendered":"<p>TransparenciaTRANSPARENCIA DE LAS CONTRIBUCIONES P\u00daBLICAS A LAS EMPRESAS Ley n.124\/2017Empresa: Valiani srl sede en Certaldo CF-05277940481Il Sig. Valiani Nico nato a Vinci il VINCI il 14\/10\/1973 cod. fisc. VLNNCI73R14M059O e residente a Certaldo in via\/piazza Delle Regioni n. 309, Amministratore della societ\u00e0 VALIANI SRL sede Certaldo CF-05277940481 Associata a CNA Firenze Motivo (descripci\u00f3n del beneficio) [&hellip;]<\/p>\n","protected":false},"author":2,"featured_media":0,"parent":0,"menu_order":19,"comment_status":"closed","ping_status":"closed","template":"","meta":{"_acf_changed":false,"_et_pb_use_builder":"on","_et_pb_old_content":"","_et_gb_content_width":"","footnotes":""},"class_list":["post-244723","page","type-page","status-publish","hentry"],"acf":[],"yoast_head":"<!-- This site is optimized with the Yoast SEO plugin v26.9 - https:\/\/yoast.com\/product\/yoast-seo-wordpress\/ -->\n<title>Por Creo Fesr 2014-2020 - Valiani<\/title>\n<meta name=\"robots\" content=\"noindex, follow\" \/>\n<meta property=\"og:locale\" content=\"es_ES\" \/>\n<meta property=\"og:type\" content=\"article\" \/>\n<meta property=\"og:title\" content=\"Por Creo Fesr 2014-2020 - Valiani\" \/>\n<meta property=\"og:description\" content=\"TransparenciaTRANSPARENCIA DE LAS CONTRIBUCIONES P\u00daBLICAS A LAS EMPRESAS Ley n.124\/2017Empresa: Valiani srl sede en Certaldo CF-05277940481Il Sig. Valiani Nico nato a Vinci il VINCI il 14\/10\/1973 cod. fisc. VLNNCI73R14M059O e residente a Certaldo in via\/piazza Delle Regioni n. 309, Amministratore della societ\u00e0 VALIANI SRL sede Certaldo CF-05277940481 Associata a CNA Firenze Motivo (descripci\u00f3n del beneficio) [&hellip;]\" \/>\n<meta property=\"og:url\" content=\"https:\/\/valiani.com\/es\/por-creo-fesr-2014-2020\/\" \/>\n<meta property=\"og:site_name\" content=\"Valiani\" \/>\n<meta property=\"article:modified_time\" content=\"2024-01-02T10:58:39+00:00\" \/>\n<meta name=\"twitter:card\" content=\"summary_large_image\" \/>\n<meta name=\"twitter:label1\" content=\"Tiempo de lectura\" \/>\n\t<meta name=\"twitter:data1\" content=\"4 minutos\" \/>\n<script type=\"application\/ld+json\" class=\"yoast-schema-graph\">{\"@context\":\"https:\/\/schema.org\",\"@graph\":[{\"@type\":\"WebPage\",\"@id\":\"https:\/\/valiani.com\/es\/por-creo-fesr-2014-2020\/\",\"url\":\"https:\/\/valiani.com\/es\/por-creo-fesr-2014-2020\/\",\"name\":\"Por Creo Fesr 2014-2020 - Valiani\",\"isPartOf\":{\"@id\":\"https:\/\/valiani.com\/es\/#website\"},\"datePublished\":\"2020-05-12T11:08:16+00:00\",\"dateModified\":\"2024-01-02T10:58:39+00:00\",\"breadcrumb\":{\"@id\":\"https:\/\/valiani.com\/es\/por-creo-fesr-2014-2020\/#breadcrumb\"},\"inLanguage\":\"es\",\"potentialAction\":[{\"@type\":\"ReadAction\",\"target\":[\"https:\/\/valiani.com\/es\/por-creo-fesr-2014-2020\/\"]}]},{\"@type\":\"BreadcrumbList\",\"@id\":\"https:\/\/valiani.com\/es\/por-creo-fesr-2014-2020\/#breadcrumb\",\"itemListElement\":[{\"@type\":\"ListItem\",\"position\":1,\"name\":\"Home\",\"item\":\"https:\/\/valiani.com\/es\/\"},{\"@type\":\"ListItem\",\"position\":2,\"name\":\"Por Creo Fesr 2014-2020\"}]},{\"@type\":\"WebSite\",\"@id\":\"https:\/\/valiani.com\/es\/#website\",\"url\":\"https:\/\/valiani.com\/es\/\",\"name\":\"Valiani\",\"description\":\"your perfect cut\",\"potentialAction\":[{\"@type\":\"SearchAction\",\"target\":{\"@type\":\"EntryPoint\",\"urlTemplate\":\"https:\/\/valiani.com\/es\/?s={search_term_string}\"},\"query-input\":{\"@type\":\"PropertyValueSpecification\",\"valueRequired\":true,\"valueName\":\"search_term_string\"}}],\"inLanguage\":\"es\"}]}<\/script>\n<!-- \/ Yoast SEO plugin. -->","yoast_head_json":{"title":"Por Creo Fesr 2014-2020 - Valiani","robots":{"index":"noindex","follow":"follow"},"og_locale":"es_ES","og_type":"article","og_title":"Por Creo Fesr 2014-2020 - Valiani","og_description":"TransparenciaTRANSPARENCIA DE LAS CONTRIBUCIONES P\u00daBLICAS A LAS EMPRESAS Ley n.124\/2017Empresa: Valiani srl sede en Certaldo CF-05277940481Il Sig. Valiani Nico nato a Vinci il VINCI il 14\/10\/1973 cod. fisc. VLNNCI73R14M059O e residente a Certaldo in via\/piazza Delle Regioni n. 309, Amministratore della societ\u00e0 VALIANI SRL sede Certaldo CF-05277940481 Associata a CNA Firenze Motivo (descripci\u00f3n del beneficio) [&hellip;]","og_url":"https:\/\/valiani.com\/es\/por-creo-fesr-2014-2020\/","og_site_name":"Valiani","article_modified_time":"2024-01-02T10:58:39+00:00","twitter_card":"summary_large_image","twitter_misc":{"Tiempo de lectura":"4 minutos"},"schema":{"@context":"https:\/\/schema.org","@graph":[{"@type":"WebPage","@id":"https:\/\/valiani.com\/es\/por-creo-fesr-2014-2020\/","url":"https:\/\/valiani.com\/es\/por-creo-fesr-2014-2020\/","name":"Por Creo Fesr 2014-2020 - Valiani","isPartOf":{"@id":"https:\/\/valiani.com\/es\/#website"},"datePublished":"2020-05-12T11:08:16+00:00","dateModified":"2024-01-02T10:58:39+00:00","breadcrumb":{"@id":"https:\/\/valiani.com\/es\/por-creo-fesr-2014-2020\/#breadcrumb"},"inLanguage":"es","potentialAction":[{"@type":"ReadAction","target":["https:\/\/valiani.com\/es\/por-creo-fesr-2014-2020\/"]}]},{"@type":"BreadcrumbList","@id":"https:\/\/valiani.com\/es\/por-creo-fesr-2014-2020\/#breadcrumb","itemListElement":[{"@type":"ListItem","position":1,"name":"Home","item":"https:\/\/valiani.com\/es\/"},{"@type":"ListItem","position":2,"name":"Por Creo Fesr 2014-2020"}]},{"@type":"WebSite","@id":"https:\/\/valiani.com\/es\/#website","url":"https:\/\/valiani.com\/es\/","name":"Valiani","description":"your perfect cut","potentialAction":[{"@type":"SearchAction","target":{"@type":"EntryPoint","urlTemplate":"https:\/\/valiani.com\/es\/?s={search_term_string}"},"query-input":{"@type":"PropertyValueSpecification","valueRequired":true,"valueName":"search_term_string"}}],"inLanguage":"es"}]}},"_links":{"self":[{"href":"https:\/\/valiani.com\/es\/wp-json\/wp\/v2\/pages\/244723","targetHints":{"allow":["GET"]}}],"collection":[{"href":"https:\/\/valiani.com\/es\/wp-json\/wp\/v2\/pages"}],"about":[{"href":"https:\/\/valiani.com\/es\/wp-json\/wp\/v2\/types\/page"}],"author":[{"embeddable":true,"href":"https:\/\/valiani.com\/es\/wp-json\/wp\/v2\/users\/2"}],"replies":[{"embeddable":true,"href":"https:\/\/valiani.com\/es\/wp-json\/wp\/v2\/comments?post=244723"}],"version-history":[{"count":2,"href":"https:\/\/valiani.com\/es\/wp-json\/wp\/v2\/pages\/244723\/revisions"}],"predecessor-version":[{"id":249975,"href":"https:\/\/valiani.com\/es\/wp-json\/wp\/v2\/pages\/244723\/revisions\/249975"}],"wp:attachment":[{"href":"https:\/\/valiani.com\/es\/wp-json\/wp\/v2\/media?parent=244723"}],"curies":[{"name":"wp","href":"https:\/\/api.w.org\/{rel}","templated":true}]}}