{"id":243966,"date":"2020-01-08T15:34:09","date_gmt":"2020-01-08T14:34:09","guid":{"rendered":"https:\/\/valiani.com\/customer-experience-center\/"},"modified":"2025-01-21T13:07:41","modified_gmt":"2025-01-21T12:07:41","slug":"customer-experience-center","status":"publish","type":"page","link":"https:\/\/valiani.com\/es\/customer-experience-center\/","title":{"rendered":"Customer Experience Center"},"content":{"rendered":"<p>[et_pb_section fb_built=\u00bb1&#8243; fullwidth=\u00bbon\u00bb custom_padding_last_edited=\u00bbon|phone\u00bb _builder_version=\u00bb4.16&#8243; background_color=\u00bb#3b4444&#8243; use_background_color_gradient=\u00bbon\u00bb background_color_gradient_direction=\u00bb170deg\u00bb background_color_gradient_stops=\u00bbrgba(59,68,68,0.9) 0%|rgba(59,68,68,0.5) 100%\u00bb background_color_gradient_overlays_image=\u00bbon\u00bb background_color_gradient_start=\u00bbrgba(59,68,68,0.9)\u00bb background_color_gradient_end=\u00bbrgba(59,68,68,0.5)\u00bb background_image=\u00bbhttps:\/\/valiani.com\/wp-content\/uploads\/2020\/04\/ExperienceCenter05.jpg\u00bb min_height=\u00bb250px\u00bb custom_padding=\u00bb||||false|false\u00bb custom_padding_tablet=\u00bb\u00bb custom_padding_phone=\u00bb80px||80px||false|false\u00bb bottom_divider_style=\u00bbslant2&#8243; bottom_divider_color=\u00bb#ffffff\u00bb global_colors_info=\u00bb{}\u00bb][et_pb_fullwidth_header _builder_version=\u00bb4.16&#8243; title_font=\u00bbNexa Bold||||||||\u00bb title_text_align=\u00bbcenter\u00bb title_font_size=\u00bb48px\u00bb content_font=\u00bbNexa Bold||||||||\u00bb content_text_align=\u00bbcenter\u00bb content_font_size=\u00bb60px\u00bb background_enable_color=\u00bboff\u00bb custom_padding=\u00bb100px||100px||false|false\u00bb global_colors_info=\u00bb{}\u00bb]<\/p>\n<h1>Valiani Customer Experience Center<\/h1>\n<p>[\/et_pb_fullwidth_header][\/et_pb_section][et_pb_section fb_built=\u00bb1&#8243; _builder_version=\u00bb4.16&#8243; global_colors_info=\u00bb{}\u00bb][et_pb_row _builder_version=\u00bb4.16&#8243; global_colors_info=\u00bb{}\u00bb][et_pb_column type=\u00bb4_4&#8243; _builder_version=\u00bb4.16&#8243; global_colors_info=\u00bb{}\u00bb][et_pb_video src=\u00bbhttps:\/\/youtu.be\/9b9s1EM56Eo\u00bb _builder_version=\u00bb4.16&#8243; _module_preset=\u00bbdefault\u00bb global_colors_info=\u00bb{}\u00bb][\/et_pb_video][et_pb_text _builder_version=\u00bb4.20.2&#8243; text_font=\u00bbNexa Light||on||||||\u00bb text_font_size=\u00bb18px\u00bb text_orientation=\u00bbcenter\u00bb width=\u00bb800px\u00bb width_tablet=\u00bb75%\u00bb width_phone=\u00bb75%\u00bb width_last_edited=\u00bbon|tablet\u00bb module_alignment=\u00bbcenter\u00bb global_colors_info=\u00bb{}\u00bb]<em>\u00ab From Briefing to Experience. Es de este concepto que naci\u00f3 la idea de crear un lugar espec\u00edficamente dise\u00f1ado para prestar asistencia a nuestros clientes; para darles a conocer nuestros \u00faltimos productos y tecnolog\u00edas y, sobre todo, crear un v\u00ednculo estrecho entre ellos y nuestra empresa.<br \/>\nEstamos seguros de que nuestros clientes no solo quieren hablar con nosotros, sino que su deseo es disfrutar de una experiencia aut\u00e9ntica y personal \u00ab.<\/em><\/p>\n<p style=\"text-align: right;\"><em>Nico Valiani<\/em><\/p>\n<p>[\/et_pb_text][\/et_pb_column][\/et_pb_row][et_pb_row column_structure=\u00bb3_5,2_5&#8243; _builder_version=\u00bb4.16&#8243; custom_margin=\u00bb||40px||false|false\u00bb global_colors_info=\u00bb{}\u00bb][et_pb_column type=\u00bb3_5&#8243; _builder_version=\u00bb4.16&#8243; global_colors_info=\u00bb{}\u00bb][et_pb_text _builder_version=\u00bb4.20.2&#8243; text_font=\u00bbNexa Light||||||||\u00bb text_font_size=\u00bb16px\u00bb text_letter_spacing=\u00bb1px\u00bb text_line_height=\u00bb1.2em\u00bb header_font=\u00bbNexa Bold|900||on|||||\u00bb header_font_size=\u00bb15px\u00bb header_2_font=\u00bbNexa Bold|900|||||||\u00bb header_2_font_size=\u00bb44px\u00bb header_2_line_height=\u00bb1.2em\u00bb header_2_font_size_tablet=\u00bb\u00bb header_2_font_size_phone=\u00bb36px\u00bb header_2_font_size_last_edited=\u00bbon|phone\u00bb global_colors_info=\u00bb{}\u00bb]<\/p>\n<h2><strong>Vive una experiencia completamente personalizada<\/strong><\/h2>\n<p>Tu tiempo es precioso: por eso trabajamos para proporcionar a cada cliente una experiencia \u00fanica y personalizada. Para hacerlo, nuestro equipo trabajar\u00e1 directamente contigo, con el fin de identificar los verdaderos objetivos de nuestro encuentro incluso antes de tu llegada.[\/et_pb_text][\/et_pb_column][et_pb_column type=\u00bb2_5&#8243; _builder_version=\u00bb4.16&#8243; global_colors_info=\u00bb{}\u00bb][et_pb_image src=\u00bbhttps:\/\/valiani.com\/wp-content\/uploads\/2020\/04\/ExperienceCenter01.jpg\u00bb _builder_version=\u00bb4.16&#8243; global_colors_info=\u00bb{}\u00bb][\/et_pb_image][\/et_pb_column][\/et_pb_row][et_pb_row column_structure=\u00bb3_5,2_5&#8243; _builder_version=\u00bb4.16&#8243; global_colors_info=\u00bb{}\u00bb][et_pb_column type=\u00bb3_5&#8243; module_class=\u00bbalignright\u00bb _builder_version=\u00bb4.16&#8243; global_colors_info=\u00bb{}\u00bb][et_pb_text _builder_version=\u00bb4.20.2&#8243; text_font=\u00bbNexa Light||||||||\u00bb text_font_size=\u00bb16px\u00bb text_letter_spacing=\u00bb1px\u00bb text_line_height=\u00bb1.2em\u00bb header_font=\u00bbNexa Bold|900||on|||||\u00bb header_font_size=\u00bb15px\u00bb header_2_font=\u00bbNexa Bold|900|||||||\u00bb header_2_text_align=\u00bbright\u00bb header_2_font_size=\u00bb44px\u00bb header_2_line_height=\u00bb1.2em\u00bb text_orientation=\u00bbright\u00bb global_colors_info=\u00bb{}\u00bb]<\/p>\n<h2><strong>Enfr\u00e9ntate a verdaderos expertos<\/strong><\/h2>\n<p>Ya sea que desee discutir en detalle una m\u00e1quina Valiani, si desea conocer en profundidad las herramientas disponibles y el software adicional, o comprender qu\u00e9 materiales pueden cortar nuestras m\u00e1quinas, siempre contar\u00e1 con la asistencia de verdaderos expertos.<\/p>\n<p>[\/et_pb_text][\/et_pb_column][et_pb_column type=\u00bb2_5&#8243; _builder_version=\u00bb4.16&#8243; global_colors_info=\u00bb{}\u00bb][et_pb_image src=\u00bbhttps:\/\/valiani.com\/wp-content\/uploads\/2020\/04\/ExperienceCenter02.jpg\u00bb _builder_version=\u00bb4.16&#8243; global_colors_info=\u00bb{}\u00bb][\/et_pb_image][\/et_pb_column][\/et_pb_row][et_pb_row column_structure=\u00bb3_5,2_5&#8243; _builder_version=\u00bb4.16&#8243; custom_margin=\u00bb||40px||false|false\u00bb global_colors_info=\u00bb{}\u00bb][et_pb_column type=\u00bb3_5&#8243; _builder_version=\u00bb4.16&#8243; global_colors_info=\u00bb{}\u00bb][et_pb_text _builder_version=\u00bb4.20.2&#8243; text_font=\u00bbNexa Light||||||||\u00bb text_font_size=\u00bb16px\u00bb text_letter_spacing=\u00bb1px\u00bb text_line_height=\u00bb1.2em\u00bb header_font=\u00bbNexa Bold|900||on|||||\u00bb header_font_size=\u00bb15px\u00bb header_2_font=\u00bbNexa Bold|900|||||||\u00bb header_2_font_size=\u00bb44px\u00bb header_2_line_height=\u00bb1.2em\u00bb header_2_font_size_tablet=\u00bb\u00bb header_2_font_size_phone=\u00bb36px\u00bb header_2_font_size_last_edited=\u00bbon|phone\u00bb global_colors_info=\u00bb{}\u00bb]<\/p>\n<h2><strong>Descubre las tendencias del mercado<\/strong><\/h2>\n<p>Los mercados evolucionan d\u00eda a d\u00eda, al igual que sus necesidades. Nuestros equipos realizan y revisan peri\u00f3dicamente estudios de mercado en cada una de las industrias a las que nos dirigimos, para darte una idea m\u00e1s profunda de las tendencias importantes que pueden afectar tu negocio. De esta manera podemos entender de antemano c\u00f3mo responder a estos importantes cambios, permiti\u00e9ndote incrementar y preservar tu ventaja competitiva en el tiempo.[\/et_pb_text][\/et_pb_column][et_pb_column type=\u00bb2_5&#8243; _builder_version=\u00bb4.16&#8243; global_colors_info=\u00bb{}\u00bb][et_pb_image src=\u00bbhttps:\/\/valiani.com\/wp-content\/uploads\/2020\/01\/business-analysis-planing-solution-objective-strategy-concept_1421-375.jpg\u00bb _builder_version=\u00bb4.16&#8243; global_colors_info=\u00bb{}\u00bb][\/et_pb_image][\/et_pb_column][\/et_pb_row][et_pb_row column_structure=\u00bb1_2,1_2&#8243; _builder_version=\u00bb4.16&#8243; global_colors_info=\u00bb{}\u00bb][et_pb_column type=\u00bb1_2&#8243; module_class=\u00bbalignright\u00bb _builder_version=\u00bb4.16&#8243; global_colors_info=\u00bb{}\u00bb][et_pb_text _builder_version=\u00bb4.20.2&#8243; text_font=\u00bbNexa Light||||||||\u00bb text_font_size=\u00bb16px\u00bb text_letter_spacing=\u00bb1px\u00bb text_line_height=\u00bb1.2em\u00bb header_font=\u00bbNexa Bold|900||on|||||\u00bb header_font_size=\u00bb15px\u00bb header_2_font=\u00bbNexa Bold|900|||||||\u00bb header_2_text_align=\u00bbright\u00bb header_2_font_size=\u00bb44px\u00bb header_2_line_height=\u00bb1.2em\u00bb text_orientation=\u00bbright\u00bb header_2_font_size_tablet=\u00bb\u00bb header_2_font_size_phone=\u00bb36px\u00bb header_2_font_size_last_edited=\u00bbon|phone\u00bb global_colors_info=\u00bb{}\u00bb]<\/p>\n<h2><strong>Compara toda la gama Valiani<\/strong><\/h2>\n<p>En el Centro de Demostraciones de Valiani vas a encontrar nuestros \u00faltimos productos y soluciones.<\/p>\n<p>[\/et_pb_text][\/et_pb_column][et_pb_column type=\u00bb1_2&#8243; _builder_version=\u00bb4.16&#8243; global_colors_info=\u00bb{}\u00bb][et_pb_image src=\u00bbhttps:\/\/valiani.com\/wp-content\/uploads\/2025\/01\/framing-machines.png\u00bb title_text=\u00bbframing-machines\u00bb _builder_version=\u00bb4.27.2&#8243; hover_enabled=\u00bb0&#8243; global_colors_info=\u00bb{}\u00bb sticky_enabled=\u00bb0&#8243;][\/et_pb_image][\/et_pb_column][\/et_pb_row][\/et_pb_section][et_pb_section fb_built=\u00bb1&#8243; make_equal=\u00bbon\u00bb padding_top_2=\u00bb80px\u00bb padding_top_bottom_link_2=\u00bbfalse\u00bb padding_left_right_link_2=\u00bbfalse\u00bb padding_2_tablet=\u00bb0px||80px||false|false\u00bb padding_2_phone=\u00bb\u00bb padding_2_last_edited=\u00bbon|tablet\u00bb _builder_version=\u00bb4.16&#8243; background_color=\u00bb#374345&#8243; custom_padding=\u00bb80px||80px||false|false\u00bb top_divider_style=\u00bbslant2&#8243; top_divider_color=\u00bb#ffffff\u00bb bottom_divider_color=\u00bb#000000&#8243; global_colors_info=\u00bb{}\u00bb][et_pb_row _builder_version=\u00bb4.20.2&#8243; width=\u00bb90%\u00bb max_width=\u00bb100%\u00bb module_alignment=\u00bbcenter\u00bb custom_padding=\u00bb40px||100px||false|false\u00bb module_alignment_tablet=\u00bbcenter\u00bb module_alignment_phone=\u00bbcenter\u00bb module_alignment_last_edited=\u00bbon|phone\u00bb global_colors_info=\u00bb{}\u00bb][et_pb_column type=\u00bb4_4&#8243; _builder_version=\u00bb4.16&#8243; global_colors_info=\u00bb{}\u00bb][et_pb_text _builder_version=\u00bb4.20.2&#8243; text_font=\u00bbNexa Light||||||||\u00bb text_font_size=\u00bb16px\u00bb text_letter_spacing=\u00bb1px\u00bb text_line_height=\u00bb1.2em\u00bb header_font=\u00bbNexa Bold|900||on|||||\u00bb header_font_size=\u00bb15px\u00bb header_2_font=\u00bbNexa Bold|900|||||||\u00bb header_2_font_size=\u00bb36px\u00bb header_2_line_height=\u00bb1.2em\u00bb header_3_font=\u00bbNexa Black||||||||\u00bb header_3_text_align=\u00bbcenter\u00bb header_3_font_size=\u00bb80px\u00bb text_orientation=\u00bbcenter\u00bb background_layout=\u00bbdark\u00bb header_3_font_size_tablet=\u00bb40px\u00bb header_3_font_size_phone=\u00bb\u00bb header_3_font_size_last_edited=\u00bbon|desktop\u00bb global_colors_info=\u00bb{}\u00bb]<\/p>\n<h3>Ven a visitarnos!<\/h3>\n<p>\u00bfEst\u00e1s interesado en uno de nuestros productos pero no est\u00e1s seguro de si es la opci\u00f3n adecuada para tus necesidades? Reserva una demostraci\u00f3n que puede realizar en l\u00ednea o en vivo en nuestro centro de demostraciones.<\/p>\n<p><strong>N.B: La reservaci\u00f3n se considerar\u00e1 v\u00e1lida solo despu\u00e9s de la confirmaci\u00f3n por parte de nuestro personal.<\/strong><\/p>\n<div class=\"white-form\" style=\"margin-top:20px;\">\n<div class=\"wpcf7 no-js\" id=\"wpcf7-f243975-o1\" lang=\"es-ES\" dir=\"ltr\" data-wpcf7-id=\"243975\">\n<div class=\"screen-reader-response\"><p role=\"status\" aria-live=\"polite\" aria-atomic=\"true\"><\/p> <ul><\/ul><\/div>\n<form action=\"\/es\/wp-json\/wp\/v2\/pages\/243966#wpcf7-f243975-o1\" method=\"post\" class=\"wpcf7-form init\" aria-label=\"Formulario de contacto\" novalidate=\"novalidate\" data-status=\"init\">\n<fieldset class=\"hidden-fields-container\"><input type=\"hidden\" name=\"_wpcf7\" value=\"243975\" \/><input type=\"hidden\" name=\"_wpcf7_version\" value=\"6.1.4\" \/><input type=\"hidden\" name=\"_wpcf7_locale\" value=\"es_ES\" \/><input type=\"hidden\" name=\"_wpcf7_unit_tag\" value=\"wpcf7-f243975-o1\" \/><input type=\"hidden\" name=\"_wpcf7_container_post\" value=\"0\" \/><input type=\"hidden\" name=\"_wpcf7_posted_data_hash\" value=\"\" \/><input type=\"hidden\" name=\"_wpcf7cf_hidden_group_fields\" value=\"[]\" \/><input type=\"hidden\" name=\"_wpcf7cf_hidden_groups\" value=\"[]\" \/><input type=\"hidden\" name=\"_wpcf7cf_visible_groups\" value=\"[]\" \/><input type=\"hidden\" name=\"_wpcf7cf_repeaters\" value=\"[]\" \/><input type=\"hidden\" name=\"_wpcf7cf_steps\" value=\"{}\" \/><input type=\"hidden\" name=\"_wpcf7cf_options\" value=\"{&quot;form_id&quot;:243975,&quot;conditions&quot;:[],&quot;settings&quot;:{&quot;animation&quot;:&quot;yes&quot;,&quot;animation_intime&quot;:200,&quot;animation_outtime&quot;:200,&quot;conditions_ui&quot;:&quot;normal&quot;,&quot;notice_dismissed&quot;:false,&quot;notice_dismissed_rollback-cf7-5.9.5&quot;:true}}\" \/>\n<\/fieldset>\n<div id=\"modulo-contatti\">\n\t<div class=\"column one\">\n\t\t<div class=\"column one-second\">\n\t\t\t<p><label> Nombre y apellido <span class=\"wpcf7-form-control-wrap\" data-name=\"your-name\"><input size=\"40\" maxlength=\"400\" class=\"wpcf7-form-control wpcf7-text wpcf7-validates-as-required\" aria-required=\"true\" aria-invalid=\"false\" value=\"\" type=\"text\" name=\"your-name\" \/><\/span> <\/label>\n\t\t\t<\/p>\n\t\t<\/div>\n\t\t<div class=\"column one-second\">\n\t\t\t<p><label> Raz\u00f3n Social <span class=\"wpcf7-form-control-wrap\" data-name=\"company\"><input size=\"40\" maxlength=\"400\" class=\"wpcf7-form-control wpcf7-text wpcf7-validates-as-required\" aria-required=\"true\" aria-invalid=\"false\" value=\"\" type=\"text\" name=\"company\" \/><\/span> <\/label>\n\t\t\t<\/p>\n\t\t<\/div>\n\t<\/div>\n\t<div class=\"column one\">\n\t\t<div class=\"column one-second\">\n\t\t\t<p><label> Correo electr\u00f3nico <span class=\"wpcf7-form-control-wrap\" data-name=\"your-email\"><input size=\"40\" maxlength=\"400\" class=\"wpcf7-form-control wpcf7-email wpcf7-validates-as-required wpcf7-text wpcf7-validates-as-email\" aria-required=\"true\" aria-invalid=\"false\" value=\"\" type=\"email\" name=\"your-email\" \/><\/span> <\/label>\n\t\t\t<\/p>\n\t\t<\/div>\n\t\t<div class=\"column one-second\">\n\t\t\t<p><label> Tel\u00e9fono <span class=\"wpcf7-form-control-wrap\" data-name=\"telephone\"><input size=\"40\" class=\"wpcf7-form-control wpcf7-phonetext wpcf7-validates-as-required wpcf7-text wpcf7-validates-as-phonetext\" aria-required=\"true\" aria-invalid=\"false\" value=\"\" type=\"text\" name=\"telephone\" \/><input type=\"hidden\" name=\"telephone-country-code\" class=\"wpcf7-phonetext-country-code\" \/><\/span> <\/label>\n\t\t\t<\/p>\n\t\t<\/div>\n\t<\/div>\n\t<div class=\"column one\">\n\t\t<div class=\"column one-second\" style=\"margin-top: 10px;vertical-align: bottom;\">\n\t\t\t<p>\u00bfC\u00f3mo deseas realizar la demostraci\u00f3n? <span class=\"wpcf7-form-control-wrap\" data-name=\"luogo\"><span class=\"wpcf7-form-control wpcf7-radio\"><span class=\"wpcf7-list-item first\"><input type=\"radio\" name=\"luogo\" value=\"En l\u00ednea a trav\u00e9s de una videoconferencia\" \/><span class=\"wpcf7-list-item-label\">En l\u00ednea a trav\u00e9s de una videoconferencia<\/span><\/span><span class=\"wpcf7-list-item last\"><input type=\"radio\" name=\"luogo\" value=\"En vivo en el Centro de experiencia del cliente de Valiani\" \/><span class=\"wpcf7-list-item-label\">En vivo en el Centro de experiencia del cliente de Valiani<\/span><\/span><\/span><\/span>\n\t\t\t<\/p>\n\t\t<\/div>\n\t\t<div class=\"column one-second\">\n\t\t\t<p><label> \u00bfCuando deseas realizar la demostraci\u00f3n? <span class=\"wpcf7-form-control-wrap\" data-name=\"data\"><input class=\"wpcf7-form-control wpcf7-date wpcf7-validates-as-required wpcf7-validates-as-date\" aria-required=\"true\" aria-invalid=\"false\" placeholder=\"DD\/MM\/YYYY\" value=\"\" type=\"date\" name=\"data\" \/><\/span> <\/label>\n\t\t\t<\/p>\n\t\t<\/div>\n\t<\/div>\n\t<div class=\"column one\">\n\t\t<p><label> \u00bfComo podemos ayudarte? <span class=\"wpcf7-form-control-wrap\" data-name=\"message\"><textarea cols=\"40\" rows=\"2\" maxlength=\"2000\" class=\"wpcf7-form-control wpcf7-textarea\" aria-invalid=\"false\" name=\"message\"><\/textarea><\/span> <\/label>\n\t\t<\/p>\n\t<\/div>\n\t<div class=\"column one\">\n\t\t<div class=\"policy column one\" style=\"margin-bottom:20px;\">\n\t\t\t<p><span class=\"wpcf7-form-control-wrap\" data-name=\"mktng-acceptance\"><span class=\"wpcf7-form-control wpcf7-acceptance optional\"><span class=\"wpcf7-list-item\"><input type=\"checkbox\" name=\"mktng-acceptance\" value=\"1\" aria-invalid=\"false\" \/><\/span><\/span><\/span> Quiero estar al d\u00eda sobre promociones, oportunidades y noticias sobre el mundo Valiani.\n\t\t\t<\/p>\n\t\t<\/div>\n\t\t<div class=\"policy column one\" style=\"margin-bottom:20px;\">\n\t\t\t<p><span class=\"wpcf7-form-control-wrap\" data-name=\"acceptance\"><span class=\"wpcf7-form-control wpcf7-acceptance\"><span class=\"wpcf7-list-item\"><input type=\"checkbox\" name=\"acceptance\" value=\"1\" aria-invalid=\"false\" \/><\/span><\/span><\/span> Procediendo al env\u00edo del mensaje, autorizo \u200b\u200bel tratamiento de datos personales <a href=\"\/privacy-policy\" target=\"_blank\">tratamiento de datos personales<\/a>\n\t\t\t<\/p>\n\t\t<\/div>\n\t<\/div>\n\t<div class=\"submit-button column one\">\n\t\t<p><span class=\"wpcf7-form-control-wrap\" data-name=\"hcap-cf7\">\t\t<input\n\t\t\t\ttype=\"hidden\"\n\t\t\t\tclass=\"hcaptcha-widget-id\"\n\t\t\t\tname=\"hcaptcha-widget-id\"\n\t\t\t\tvalue=\"eyJzb3VyY2UiOlsiY29udGFjdC1mb3JtLTdcL3dwLWNvbnRhY3QtZm9ybS03LnBocCJdLCJmb3JtX2lkIjoyNjA1fQ==-2c03cbb73bf8712fbfc8347f93390855\">\n\t\t\t\t<span id=\"hcap_cf7-69e77abc1b9932.28858608\" class=\"wpcf7-form-control h-captcha \"\n\t\t\tdata-sitekey=\"dec6395c-778d-4a7f-b93a-0b7192cc3e30\"\n\t\t\tdata-theme=\"light\"\n\t\t\tdata-size=\"invisible\"\n\t\t\tdata-auto=\"false\"\n\t\t\tdata-ajax=\"false\"\n\t\t\tdata-force=\"false\">\n\t\t<\/span>\n\t\t<input type=\"hidden\" id=\"_wpnonce\" name=\"_wpnonce\" value=\"b40681399a\" \/><input type=\"hidden\" name=\"_wp_http_referer\" value=\"\/es\/wp-json\/wp\/v2\/pages\/243966\" \/><\/span><input class=\"wpcf7-form-control wpcf7-submit has-spinner\" type=\"submit\" value=\"Enviar\" \/>\n\t\t<\/p>\n\t<\/div>\n<\/div><input type='hidden' class='wpcf7-pum' value='{\"closepopup\":false,\"closedelay\":0,\"openpopup\":false,\"openpopup_id\":0}' \/><div class=\"wpcf7-response-output\" aria-hidden=\"true\"><\/div>\n<\/form>\n<\/div>\n<\/div>\n<p>[\/et_pb_text][\/et_pb_column][\/et_pb_row][\/et_pb_section]<\/p>\n","protected":false},"excerpt":{"rendered":"<p>Valiani Customer Experience Center\u00ab From Briefing to Experience. Es de este concepto que naci\u00f3 la idea de crear un lugar espec\u00edficamente dise\u00f1ado para prestar asistencia a nuestros clientes; para darles a conocer nuestros \u00faltimos productos y tecnolog\u00edas y, sobre todo, crear un v\u00ednculo estrecho entre ellos y nuestra empresa. Estamos seguros de que nuestros clientes [&hellip;]<\/p>\n","protected":false},"author":2,"featured_media":0,"parent":0,"menu_order":104,"comment_status":"closed","ping_status":"closed","template":"","meta":{"_acf_changed":false,"_et_pb_use_builder":"on","_et_pb_old_content":"","_et_gb_content_width":"","footnotes":""},"class_list":["post-243966","page","type-page","status-publish","hentry"],"acf":[],"yoast_head":"<!-- This site is optimized with the Yoast SEO plugin v26.9 - https:\/\/yoast.com\/product\/yoast-seo-wordpress\/ -->\n<title>The Customer Experience Center | Valiani<\/title>\n<meta name=\"description\" content=\"Live a personalized experience in the Valiani Customer Experience Center: interact with industry experts, discover new trends, machines and technologies.\" \/>\n<meta name=\"robots\" content=\"index, follow, max-snippet:-1, max-image-preview:large, max-video-preview:-1\" \/>\n<link rel=\"canonical\" href=\"https:\/\/valiani.com\/es\/customer-experience-center\/\" \/>\n<meta property=\"og:locale\" content=\"es_ES\" \/>\n<meta property=\"og:type\" content=\"article\" \/>\n<meta property=\"og:title\" content=\"The Customer Experience Center | Valiani\" \/>\n<meta property=\"og:description\" content=\"Live a personalized experience in the Valiani Customer Experience Center: interact with industry experts, discover new trends, machines and technologies.\" \/>\n<meta property=\"og:url\" content=\"https:\/\/valiani.com\/es\/customer-experience-center\/\" \/>\n<meta property=\"og:site_name\" content=\"Valiani\" \/>\n<meta property=\"article:modified_time\" content=\"2025-01-21T12:07:41+00:00\" \/>\n<meta name=\"twitter:card\" content=\"summary_large_image\" \/>\n<meta name=\"twitter:label1\" content=\"Tiempo de lectura\" \/>\n\t<meta name=\"twitter:data1\" content=\"6 minutos\" \/>\n<script type=\"application\/ld+json\" class=\"yoast-schema-graph\">{\"@context\":\"https:\/\/schema.org\",\"@graph\":[{\"@type\":\"WebPage\",\"@id\":\"https:\/\/valiani.com\/es\/customer-experience-center\/\",\"url\":\"https:\/\/valiani.com\/es\/customer-experience-center\/\",\"name\":\"The Customer Experience Center | Valiani\",\"isPartOf\":{\"@id\":\"https:\/\/valiani.com\/es\/#website\"},\"datePublished\":\"2020-01-08T14:34:09+00:00\",\"dateModified\":\"2025-01-21T12:07:41+00:00\",\"description\":\"Live a personalized experience in the Valiani Customer Experience Center: interact with industry experts, discover new trends, machines and technologies.\",\"breadcrumb\":{\"@id\":\"https:\/\/valiani.com\/es\/customer-experience-center\/#breadcrumb\"},\"inLanguage\":\"es\",\"potentialAction\":[{\"@type\":\"ReadAction\",\"target\":[\"https:\/\/valiani.com\/es\/customer-experience-center\/\"]}]},{\"@type\":\"BreadcrumbList\",\"@id\":\"https:\/\/valiani.com\/es\/customer-experience-center\/#breadcrumb\",\"itemListElement\":[{\"@type\":\"ListItem\",\"position\":1,\"name\":\"Home\",\"item\":\"https:\/\/valiani.com\/es\/\"},{\"@type\":\"ListItem\",\"position\":2,\"name\":\"Customer Experience Center\"}]},{\"@type\":\"WebSite\",\"@id\":\"https:\/\/valiani.com\/es\/#website\",\"url\":\"https:\/\/valiani.com\/es\/\",\"name\":\"Valiani\",\"description\":\"your perfect cut\",\"potentialAction\":[{\"@type\":\"SearchAction\",\"target\":{\"@type\":\"EntryPoint\",\"urlTemplate\":\"https:\/\/valiani.com\/es\/?s={search_term_string}\"},\"query-input\":{\"@type\":\"PropertyValueSpecification\",\"valueRequired\":true,\"valueName\":\"search_term_string\"}}],\"inLanguage\":\"es\"}]}<\/script>\n<!-- \/ Yoast SEO plugin. -->","yoast_head_json":{"title":"The Customer Experience Center | Valiani","description":"Live a personalized experience in the Valiani Customer Experience Center: interact with industry experts, discover new trends, machines and technologies.","robots":{"index":"index","follow":"follow","max-snippet":"max-snippet:-1","max-image-preview":"max-image-preview:large","max-video-preview":"max-video-preview:-1"},"canonical":"https:\/\/valiani.com\/es\/customer-experience-center\/","og_locale":"es_ES","og_type":"article","og_title":"The Customer Experience Center | Valiani","og_description":"Live a personalized experience in the Valiani Customer Experience Center: interact with industry experts, discover new trends, machines and technologies.","og_url":"https:\/\/valiani.com\/es\/customer-experience-center\/","og_site_name":"Valiani","article_modified_time":"2025-01-21T12:07:41+00:00","twitter_card":"summary_large_image","twitter_misc":{"Tiempo de lectura":"6 minutos"},"schema":{"@context":"https:\/\/schema.org","@graph":[{"@type":"WebPage","@id":"https:\/\/valiani.com\/es\/customer-experience-center\/","url":"https:\/\/valiani.com\/es\/customer-experience-center\/","name":"The Customer Experience Center | Valiani","isPartOf":{"@id":"https:\/\/valiani.com\/es\/#website"},"datePublished":"2020-01-08T14:34:09+00:00","dateModified":"2025-01-21T12:07:41+00:00","description":"Live a personalized experience in the Valiani Customer Experience Center: interact with industry experts, discover new trends, machines and technologies.","breadcrumb":{"@id":"https:\/\/valiani.com\/es\/customer-experience-center\/#breadcrumb"},"inLanguage":"es","potentialAction":[{"@type":"ReadAction","target":["https:\/\/valiani.com\/es\/customer-experience-center\/"]}]},{"@type":"BreadcrumbList","@id":"https:\/\/valiani.com\/es\/customer-experience-center\/#breadcrumb","itemListElement":[{"@type":"ListItem","position":1,"name":"Home","item":"https:\/\/valiani.com\/es\/"},{"@type":"ListItem","position":2,"name":"Customer Experience Center"}]},{"@type":"WebSite","@id":"https:\/\/valiani.com\/es\/#website","url":"https:\/\/valiani.com\/es\/","name":"Valiani","description":"your perfect cut","potentialAction":[{"@type":"SearchAction","target":{"@type":"EntryPoint","urlTemplate":"https:\/\/valiani.com\/es\/?s={search_term_string}"},"query-input":{"@type":"PropertyValueSpecification","valueRequired":true,"valueName":"search_term_string"}}],"inLanguage":"es"}]}},"_links":{"self":[{"href":"https:\/\/valiani.com\/es\/wp-json\/wp\/v2\/pages\/243966","targetHints":{"allow":["GET"]}}],"collection":[{"href":"https:\/\/valiani.com\/es\/wp-json\/wp\/v2\/pages"}],"about":[{"href":"https:\/\/valiani.com\/es\/wp-json\/wp\/v2\/types\/page"}],"author":[{"embeddable":true,"href":"https:\/\/valiani.com\/es\/wp-json\/wp\/v2\/users\/2"}],"replies":[{"embeddable":true,"href":"https:\/\/valiani.com\/es\/wp-json\/wp\/v2\/comments?post=243966"}],"version-history":[{"count":6,"href":"https:\/\/valiani.com\/es\/wp-json\/wp\/v2\/pages\/243966\/revisions"}],"predecessor-version":[{"id":253438,"href":"https:\/\/valiani.com\/es\/wp-json\/wp\/v2\/pages\/243966\/revisions\/253438"}],"wp:attachment":[{"href":"https:\/\/valiani.com\/es\/wp-json\/wp\/v2\/media?parent=243966"}],"curies":[{"name":"wp","href":"https:\/\/api.w.org\/{rel}","templated":true}]}}