{"id":243932,"date":"2019-10-25T09:52:25","date_gmt":"2019-10-25T09:52:25","guid":{"rendered":"https:\/\/valiani.com\/about\/"},"modified":"2025-01-21T12:58:05","modified_gmt":"2025-01-21T11:58:05","slug":"about","status":"publish","type":"page","link":"https:\/\/valiani.com\/es\/about\/","title":{"rendered":"Acerca de Valiani"},"content":{"rendered":"<p>[et_pb_section fb_built=\u00bb1&#8243; fullwidth=\u00bbon\u00bb custom_padding_last_edited=\u00bbon|phone\u00bb _builder_version=\u00bb4.16&#8243; background_color=\u00bb#3b4444&#8243; min_height=\u00bb250px\u00bb custom_padding=\u00bb||||false|false\u00bb custom_padding_tablet=\u00bb\u00bb custom_padding_phone=\u00bb80px||80px||false|false\u00bb bottom_divider_style=\u00bbslant2&#8243; bottom_divider_color=\u00bb#ffffff\u00bb global_colors_info=\u00bb{}\u00bb][et_pb_fullwidth_image src=\u00bbhttps:\/\/valiani.com\/wp-content\/uploads\/2019\/10\/header-about.gif\u00bb _builder_version=\u00bb4.16&#8243; custom_padding_tablet=\u00bb\u00bb custom_padding_phone=\u00bb||||false|false\u00bb custom_padding_last_edited=\u00bbon|phone\u00bb global_colors_info=\u00bb{}\u00bb][\/et_pb_fullwidth_image][\/et_pb_section][et_pb_section fb_built=\u00bb1&#8243; _builder_version=\u00bb4.16&#8243; global_colors_info=\u00bb{}\u00bb][et_pb_row column_structure=\u00bb3_5,2_5&#8243; _builder_version=\u00bb4.16&#8243; global_colors_info=\u00bb{}\u00bb][et_pb_column type=\u00bb3_5&#8243; _builder_version=\u00bb4.16&#8243; global_colors_info=\u00bb{}\u00bb][et_pb_text _builder_version=\u00bb4.20.2&#8243; text_font=\u00bbNexa Light||||||||\u00bb text_font_size=\u00bb16px\u00bb text_letter_spacing=\u00bb1px\u00bb text_line_height=\u00bb1.2em\u00bb header_font=\u00bbNexa Bold|900|||||||\u00bb header_font_size=\u00bb48px\u00bb header_2_font=\u00bbNexa Bold|900|||||||\u00bb header_2_font_size=\u00bb60px\u00bb header_2_line_height=\u00bb1.2em\u00bb global_colors_info=\u00bb{}\u00bb]<\/p>\n<p><span style=\"font-weight: 900; text-transform: uppercase; font-size: 15px;\">INNOVACI\u00d3N HECHA A MEDIDA<\/span><\/p>\n<h1>M\u00e1quinas de corte Valiani, excelencia desde 1974<\/h1>\n<p>Valiani es la expresi\u00f3n perfecta del ingenio italiano. Desde la creaci\u00f3n del primero sistema de corte de passe-partout de los cuadros hasta la reciente maquinaria para la industria del packaging e impresi\u00f3n; nuestro objetivo siempre ha sido brindar un producto que sea un fiel compa\u00f1ero, capaz de trabajar cada d\u00eda la m\u00e1s amplia gama de materiales.<\/p>\n<p>[\/et_pb_text][\/et_pb_column][et_pb_column type=\u00bb2_5&#8243; _builder_version=\u00bb4.16&#8243; global_colors_info=\u00bb{}\u00bb][et_pb_image src=\u00bbhttps:\/\/valiani.com\/wp-content\/uploads\/2020\/03\/storia-macchine.png\u00bb _builder_version=\u00bb4.16&#8243; global_colors_info=\u00bb{}\u00bb][\/et_pb_image][\/et_pb_column][\/et_pb_row][\/et_pb_section][et_pb_section fb_built=\u00bb1&#8243; make_equal=\u00bbon\u00bb specialty=\u00bbon\u00bb padding_top_2=\u00bb80px\u00bb padding_top_bottom_link_2=\u00bbfalse\u00bb padding_left_right_link_2=\u00bbfalse\u00bb padding_2_tablet=\u00bb0px||80px||false|false\u00bb padding_2_phone=\u00bb\u00bb padding_2_last_edited=\u00bbon|tablet\u00bb admin_label=\u00bbNumeri\u00bb _builder_version=\u00bb4.16&#8243; background_color=\u00bb#374345&#8243; custom_padding=\u00bb80px||80px||false|false\u00bb top_divider_style=\u00bbslant\u00bb top_divider_color=\u00bb#ffffff\u00bb bottom_divider_style=\u00bbslant2&#8243; bottom_divider_color=\u00bb#ffffff\u00bb global_colors_info=\u00bb{}\u00bb][et_pb_column type=\u00bb1_2&#8243; specialty_columns=\u00bb2&#8243; _builder_version=\u00bb4.16&#8243; custom_padding=\u00bb|||\u00bb global_colors_info=\u00bb{}\u00bb custom_padding__hover=\u00bb|||\u00bb][et_pb_row_inner _builder_version=\u00bb4.16&#8243; custom_margin=\u00bb||0px||false|false\u00bb custom_padding=\u00bb||0px||false|false\u00bb global_colors_info=\u00bb{}\u00bb][et_pb_column_inner saved_specialty_column_type=\u00bb1_2&#8243; _builder_version=\u00bb4.16&#8243; global_colors_info=\u00bb{}\u00bb][et_pb_text _builder_version=\u00bb4.20.2&#8243; text_font=\u00bbNexa Bold|900|||||||\u00bb text_font_size=\u00bb36px\u00bb text_line_height=\u00bb1em\u00bb text_orientation=\u00bbcenter\u00bb background_layout=\u00bbdark\u00bb global_colors_info=\u00bb{}\u00bb]<\/p>\n<p>Los n\u00fameros<br \/>de nuestro \u00e9xito<\/p>\n<p>[\/et_pb_text][\/et_pb_column_inner][\/et_pb_row_inner][et_pb_row_inner column_structure=\u00bb1_2,1_2&#8243; admin_label=\u00bbRiga\u00bb _builder_version=\u00bb4.16&#8243; custom_margin=\u00bb||40px||false|false\u00bb custom_margin_tablet=\u00bb\u00bb custom_margin_phone=\u00bb||0px||false|false\u00bb custom_margin_last_edited=\u00bbon|phone\u00bb collapsed=\u00bboff\u00bb global_colors_info=\u00bb{}\u00bb][et_pb_column_inner type=\u00bb1_2&#8243; saved_specialty_column_type=\u00bb1_2&#8243; _builder_version=\u00bb4.16&#8243; global_colors_info=\u00bb{}\u00bb][et_pb_blurb use_icon=\u00bbon\u00bb font_icon=\u00bb&#xe0e2;||divi||400&#8243; icon_color=\u00bb#ffffff\u00bb image_icon_width=\u00bb45px\u00bb _builder_version=\u00bb4.16&#8243; background_layout=\u00bbdark\u00bb custom_margin=\u00bb||0px||false|false\u00bb icon_font_size=\u00bb45px\u00bb global_colors_info=\u00bb{}\u00bb][\/et_pb_blurb][et_pb_number_counter title=\u00bbPaises alrededor del mundo\u00bb number=\u00bb90&#8243; percent_sign=\u00bboff\u00bb _builder_version=\u00bb4.23.1&#8243; title_font=\u00bbNexa Bold||||||||\u00bb title_text_color=\u00bb#ffffff\u00bb number_font=\u00bbNexa Bold||||||||\u00bb number_text_color=\u00bb#ffffff\u00bb background_layout=\u00bbdark\u00bb custom_css_before=\u00bbcontent: %22+%22;||    display: flex;||    font-size: 90px;||    font-family: %22Nexa%22;||    position: absolute;||    top: 25px;||    left: 5%;||    font-weight: 700;\u00bb locked=\u00bboff\u00bb global_colors_info=\u00bb{}\u00bb custom_css_before_last_edited=\u00bbon|tablet\u00bb custom_css_before_phone=\u00bbcontent: %22+%22;||    display: flex;||    font-size: 90px;||    font-family: %22Nexa%22;||    position: absolute;||    top: 25px;||    left: 20%;||    font-weight: 700;\u00bb custom_css_before_tablet=\u00bbcontent: %22+%22;||    display: flex;||    font-size: 90px;||    font-family: %22Nexa%22;||    position: absolute;||    top: 25px;||    left: 15%;||    font-weight: 700;\u00bb][\/et_pb_number_counter][\/et_pb_column_inner][et_pb_column_inner type=\u00bb1_2&#8243; saved_specialty_column_type=\u00bb1_2&#8243; _builder_version=\u00bb4.16&#8243; global_colors_info=\u00bb{}\u00bb][et_pb_blurb use_icon=\u00bbon\u00bb font_icon=\u00bb&#xe004;||divi||400&#8243; icon_color=\u00bb#ffffff\u00bb image_icon_width=\u00bb45px\u00bb _builder_version=\u00bb4.16&#8243; background_layout=\u00bbdark\u00bb custom_margin=\u00bb||0px||false|false\u00bb icon_font_size=\u00bb45px\u00bb global_colors_info=\u00bb{}\u00bb][\/et_pb_blurb][et_pb_number_counter title=\u00bbinstalaciones\u00bb number=\u00bb5000&#8243; percent_sign=\u00bboff\u00bb _builder_version=\u00bb4.23.1&#8243; title_font=\u00bbNexa Bold||||||||\u00bb title_text_color=\u00bb#ffffff\u00bb number_font=\u00bbNexa Bold||||||||\u00bb number_text_color=\u00bb#ffffff\u00bb background_layout=\u00bbdark\u00bb custom_css_before=\u00bbcontent: %22+%22;||    display: flex;||    font-size: 90px;||    font-family: %22Nexa%22;||    position: absolute;||    top: 25px;||    left:-15%;||    font-weight: 700;\u00bb locked=\u00bboff\u00bb global_colors_info=\u00bb{}\u00bb custom_css_before_last_edited=\u00bbon|tablet\u00bb custom_css_before_tablet=\u00bbcontent: %22+%22;||    display: flex;||    font-size: 90px;||    font-family: %22Nexa%22;||    position: absolute;||    top: 25px;||    left: 0;||    font-weight: 700;\u00bb custom_css_before_phone=\u00bbcontent: %22+%22;||    display: flex;||    font-size: 90px;||    font-family: %22Nexa%22;||    position: absolute;||    top: 25px;||    left: 5%;||    font-weight: 700;\u00bb][\/et_pb_number_counter][\/et_pb_column_inner][\/et_pb_row_inner][\/et_pb_column][et_pb_column type=\u00bb1_2&#8243; _builder_version=\u00bb4.16&#8243; custom_padding=\u00bb|||\u00bb global_colors_info=\u00bb{}\u00bb custom_padding__hover=\u00bb|||\u00bb][et_pb_text _builder_version=\u00bb4.23.1&#8243; text_font=\u00bbNexa Light||||||||\u00bb text_text_color=\u00bb#ffffff\u00bb text_font_size=\u00bb16px\u00bb text_letter_spacing=\u00bb1px\u00bb text_line_height=\u00bb1.2em\u00bb header_font=\u00bbNexa Bold|900||on|||||\u00bb header_font_size=\u00bb15px\u00bb header_2_font=\u00bbNexa Bold|900|||||||\u00bb header_2_font_size=\u00bb60px\u00bb header_2_line_height=\u00bb1.2em\u00bb custom_margin_tablet=\u00bb\u00bb custom_margin_phone=\u00bb\u00bb custom_margin_last_edited=\u00bbon|tablet\u00bb global_colors_info=\u00bb{}\u00bb]<\/p>\n<p>Exportamos nuestras m\u00e1quinas de corte a m\u00e1s de 90 pa\u00edses, donde hemos realizado m\u00e1s de 5.000 instalaciones, gracias a una amplia red comercial y un servicio de asistencia altamente cualificado. A lo largo del tiempo hemos desarrollado 3 Unidades de Negocio, una para productos para el sector framing, una para el mercado print &amp; packaging y otra para el sector textil.<\/p>\n<p>Por nuestra calidad somos elegidos tanto por el peque\u00f1o enmarcador como por las instituciones m\u00e1s prestigiosas como los Museos Vaticanos, Louvre, Hermitage, Casa Blanca. Adem\u00e1s, tambi\u00e9n grandes empresas como Konica Minolta, Ricoh, Roland, Ferragamo, Brioni y muchos otros eligieron las mesas de corte Valiani.<\/p>\n<p>[\/et_pb_text][\/et_pb_column][\/et_pb_section][et_pb_section fb_built=\u00bb1&#8243; _builder_version=\u00bb4.16&#8243; global_colors_info=\u00bb{}\u00bb][et_pb_row column_structure=\u00bb1_2,1_2&#8243; _builder_version=\u00bb4.16&#8243; width=\u00bb90%\u00bb width_tablet=\u00bb90%\u00bb width_phone=\u00bb80%\u00bb width_last_edited=\u00bbon|phone\u00bb max_width=\u00bb100%\u00bb module_alignment=\u00bbcenter\u00bb module_alignment_tablet=\u00bbcenter\u00bb module_alignment_phone=\u00bbcenter\u00bb module_alignment_last_edited=\u00bbon|desktop\u00bb global_colors_info=\u00bb{}\u00bb][et_pb_column type=\u00bb1_2&#8243; _builder_version=\u00bb4.16&#8243; global_colors_info=\u00bb{}\u00bb][et_pb_text _builder_version=\u00bb4.20.2&#8243; text_font=\u00bbNexa Light||||||||\u00bb text_font_size=\u00bb16px\u00bb text_letter_spacing=\u00bb1px\u00bb text_line_height=\u00bb1.2em\u00bb header_font=\u00bbNexa Bold|900||on|||||\u00bb header_font_size=\u00bb15px\u00bb header_2_font=\u00bbNexa Bold|900|||||||\u00bb header_2_font_size=\u00bb36px\u00bb header_2_line_height=\u00bb1.2em\u00bb locked=\u00bboff\u00bb global_colors_info=\u00bb{}\u00bb]<\/p>\n<h2>La calidad de nuestra maquinaria es garant\u00eda<\/h2>\n<p>Cada d\u00eda trabajamos para dar lo mejor a nuestros clientes. Nuestras m\u00e1quinas de corte son el resultado del ingenio Made in Italy: solo utilizamos ingenier\u00eda italiana y estamos tan seguros del valor y la fiabilidad de nuestros productos que ofrecemos una garant\u00eda de 5 a\u00f1os.<\/p>\n<h2 style=\"font-size: 15px; text-transform: uppercase; margin-top: 20px; text-decoration: underline;\">CORTES QUE SUPERAN TODAS LAS EXPECTATIVAS<\/h2>\n<p>Integridad, pasi\u00f3n, seriedad son los valores que gu\u00edan nuestra empresa y que nos han llevado a ser un punto de referencia en todos los mercados. D\u00eda a d\u00eda nos esforzamos por cumplir y superar las expectativas de nuestros clientes, anticip\u00e1ndonos a sus necesidades y garantizando una calidad inigualable que perdura en el tiempo. [\/et_pb_text][\/et_pb_column][et_pb_column type=\u00bb1_2&#8243; _builder_version=\u00bb4.16&#8243; global_colors_info=\u00bb{}\u00bb][et_pb_image src=\u00bbhttps:\/\/valiani.com\/wp-content\/uploads\/2025\/01\/nexus-edge-base-front-ESP.webp\u00bb title_text=\u00bbnexus-edge-base-front-ESP\u00bb align=\u00bbright\u00bb _builder_version=\u00bb4.27.2&#8243; hover_enabled=\u00bb0&#8243; global_colors_info=\u00bb{}\u00bb sticky_enabled=\u00bb0&#8243;][\/et_pb_image][\/et_pb_column][\/et_pb_row][\/et_pb_section][et_pb_section fb_built=\u00bb1&#8243; _builder_version=\u00bb4.18.0&#8243; _module_preset=\u00bbdefault\u00bb background_color=\u00bb#222222&#8243; custom_padding=\u00bb10px||10px||false|false\u00bb global_colors_info=\u00bb{}\u00bb][et_pb_row _builder_version=\u00bb4.18.0&#8243; _module_preset=\u00bbdefault\u00bb global_colors_info=\u00bb{}\u00bb][et_pb_column type=\u00bb4_4&#8243; _builder_version=\u00bb4.18.0&#8243; _module_preset=\u00bbdefault\u00bb global_colors_info=\u00bb{}\u00bb][et_pb_text _builder_version=\u00bb4.20.2&#8243; _module_preset=\u00bbdefault\u00bb text_text_color=\u00bb#FFFFFF\u00bb text_orientation=\u00bbcenter\u00bb module_alignment=\u00bbcenter\u00bb global_colors_info=\u00bb{}\u00bb]<\/p>\n<p>Realizado gracias al apoyo de:<\/p>\n<p><a href=\"https:\/\/valiani.com\/por-creo-fesr-2014-2020\/\"><img decoding=\"async\" src=\"https:\/\/valiani.com\/wp-content\/themes\/valiani\/img\/loghi-porcreo.png\" style=\"max-height:40px;max-width:100%;vertical-align:bottom;\"><\/a><\/p>\n<p>[\/et_pb_text][\/et_pb_column][\/et_pb_row][\/et_pb_section]<\/p>\n","protected":false},"excerpt":{"rendered":"<p>INNOVACI\u00d3N HECHA A MEDIDA M\u00e1quinas de corte Valiani, excelencia desde 1974 Valiani es la expresi\u00f3n perfecta del ingenio italiano. Desde la creaci\u00f3n del primero sistema de corte de passe-partout de los cuadros hasta la reciente maquinaria para la industria del packaging e impresi\u00f3n; nuestro objetivo siempre ha sido brindar un producto que sea un fiel [&hellip;]<\/p>\n","protected":false},"author":2,"featured_media":0,"parent":0,"menu_order":57,"comment_status":"closed","ping_status":"closed","template":"","meta":{"_acf_changed":false,"_et_pb_use_builder":"on","_et_pb_old_content":"","_et_gb_content_width":"","footnotes":""},"class_list":["post-243932","page","type-page","status-publish","hentry"],"acf":[],"yoast_head":"<!-- This site is optimized with the Yoast SEO plugin v26.9 - https:\/\/yoast.com\/product\/yoast-seo-wordpress\/ -->\n<title>Cutting Machines since 1974 | Valiani<\/title>\n<meta name=\"description\" content=\"Valiani cutting machines have been chosen by the most prestigious brands in the world. Reliable and productive, they are guaranteed for 5 years.\" \/>\n<meta name=\"robots\" content=\"index, follow, max-snippet:-1, max-image-preview:large, max-video-preview:-1\" \/>\n<link rel=\"canonical\" href=\"https:\/\/valiani.com\/es\/about\/\" \/>\n<meta property=\"og:locale\" content=\"es_ES\" \/>\n<meta property=\"og:type\" content=\"article\" \/>\n<meta property=\"og:title\" content=\"Cutting Machines since 1974 | Valiani\" \/>\n<meta property=\"og:description\" content=\"Valiani cutting machines have been chosen by the most prestigious brands in the world. Reliable and productive, they are guaranteed for 5 years.\" \/>\n<meta property=\"og:url\" content=\"https:\/\/valiani.com\/es\/about\/\" \/>\n<meta property=\"og:site_name\" content=\"Valiani\" \/>\n<meta property=\"article:modified_time\" content=\"2025-01-21T11:58:05+00:00\" \/>\n<meta property=\"og:image\" content=\"https:\/\/valiani.com\/wp-content\/themes\/valiani\/img\/loghi-porcreo.png\" \/>\n<meta name=\"twitter:card\" content=\"summary_large_image\" \/>\n<meta name=\"twitter:label1\" content=\"Tiempo de lectura\" \/>\n\t<meta name=\"twitter:data1\" content=\"7 minutos\" \/>\n<script type=\"application\/ld+json\" class=\"yoast-schema-graph\">{\"@context\":\"https:\/\/schema.org\",\"@graph\":[{\"@type\":\"WebPage\",\"@id\":\"https:\/\/valiani.com\/es\/about\/\",\"url\":\"https:\/\/valiani.com\/es\/about\/\",\"name\":\"Cutting Machines since 1974 | Valiani\",\"isPartOf\":{\"@id\":\"https:\/\/valiani.com\/es\/#website\"},\"primaryImageOfPage\":{\"@id\":\"https:\/\/valiani.com\/es\/about\/#primaryimage\"},\"image\":{\"@id\":\"https:\/\/valiani.com\/es\/about\/#primaryimage\"},\"thumbnailUrl\":\"https:\/\/valiani.com\/wp-content\/themes\/valiani\/img\/loghi-porcreo.png\",\"datePublished\":\"2019-10-25T09:52:25+00:00\",\"dateModified\":\"2025-01-21T11:58:05+00:00\",\"description\":\"Valiani cutting machines have been chosen by the most prestigious brands in the world. Reliable and productive, they are guaranteed for 5 years.\",\"breadcrumb\":{\"@id\":\"https:\/\/valiani.com\/es\/about\/#breadcrumb\"},\"inLanguage\":\"es\",\"potentialAction\":[{\"@type\":\"ReadAction\",\"target\":[\"https:\/\/valiani.com\/es\/about\/\"]}]},{\"@type\":\"ImageObject\",\"inLanguage\":\"es\",\"@id\":\"https:\/\/valiani.com\/es\/about\/#primaryimage\",\"url\":\"https:\/\/valiani.com\/wp-content\/themes\/valiani\/img\/loghi-porcreo.png\",\"contentUrl\":\"https:\/\/valiani.com\/wp-content\/themes\/valiani\/img\/loghi-porcreo.png\"},{\"@type\":\"BreadcrumbList\",\"@id\":\"https:\/\/valiani.com\/es\/about\/#breadcrumb\",\"itemListElement\":[{\"@type\":\"ListItem\",\"position\":1,\"name\":\"Home\",\"item\":\"https:\/\/valiani.com\/es\/\"},{\"@type\":\"ListItem\",\"position\":2,\"name\":\"Acerca de Valiani\"}]},{\"@type\":\"WebSite\",\"@id\":\"https:\/\/valiani.com\/es\/#website\",\"url\":\"https:\/\/valiani.com\/es\/\",\"name\":\"Valiani\",\"description\":\"your perfect cut\",\"potentialAction\":[{\"@type\":\"SearchAction\",\"target\":{\"@type\":\"EntryPoint\",\"urlTemplate\":\"https:\/\/valiani.com\/es\/?s={search_term_string}\"},\"query-input\":{\"@type\":\"PropertyValueSpecification\",\"valueRequired\":true,\"valueName\":\"search_term_string\"}}],\"inLanguage\":\"es\"}]}<\/script>\n<!-- \/ Yoast SEO plugin. -->","yoast_head_json":{"title":"Cutting Machines since 1974 | Valiani","description":"Valiani cutting machines have been chosen by the most prestigious brands in the world. Reliable and productive, they are guaranteed for 5 years.","robots":{"index":"index","follow":"follow","max-snippet":"max-snippet:-1","max-image-preview":"max-image-preview:large","max-video-preview":"max-video-preview:-1"},"canonical":"https:\/\/valiani.com\/es\/about\/","og_locale":"es_ES","og_type":"article","og_title":"Cutting Machines since 1974 | Valiani","og_description":"Valiani cutting machines have been chosen by the most prestigious brands in the world. Reliable and productive, they are guaranteed for 5 years.","og_url":"https:\/\/valiani.com\/es\/about\/","og_site_name":"Valiani","article_modified_time":"2025-01-21T11:58:05+00:00","og_image":[{"url":"https:\/\/valiani.com\/wp-content\/themes\/valiani\/img\/loghi-porcreo.png","type":"","width":"","height":""}],"twitter_card":"summary_large_image","twitter_misc":{"Tiempo de lectura":"7 minutos"},"schema":{"@context":"https:\/\/schema.org","@graph":[{"@type":"WebPage","@id":"https:\/\/valiani.com\/es\/about\/","url":"https:\/\/valiani.com\/es\/about\/","name":"Cutting Machines since 1974 | Valiani","isPartOf":{"@id":"https:\/\/valiani.com\/es\/#website"},"primaryImageOfPage":{"@id":"https:\/\/valiani.com\/es\/about\/#primaryimage"},"image":{"@id":"https:\/\/valiani.com\/es\/about\/#primaryimage"},"thumbnailUrl":"https:\/\/valiani.com\/wp-content\/themes\/valiani\/img\/loghi-porcreo.png","datePublished":"2019-10-25T09:52:25+00:00","dateModified":"2025-01-21T11:58:05+00:00","description":"Valiani cutting machines have been chosen by the most prestigious brands in the world. Reliable and productive, they are guaranteed for 5 years.","breadcrumb":{"@id":"https:\/\/valiani.com\/es\/about\/#breadcrumb"},"inLanguage":"es","potentialAction":[{"@type":"ReadAction","target":["https:\/\/valiani.com\/es\/about\/"]}]},{"@type":"ImageObject","inLanguage":"es","@id":"https:\/\/valiani.com\/es\/about\/#primaryimage","url":"https:\/\/valiani.com\/wp-content\/themes\/valiani\/img\/loghi-porcreo.png","contentUrl":"https:\/\/valiani.com\/wp-content\/themes\/valiani\/img\/loghi-porcreo.png"},{"@type":"BreadcrumbList","@id":"https:\/\/valiani.com\/es\/about\/#breadcrumb","itemListElement":[{"@type":"ListItem","position":1,"name":"Home","item":"https:\/\/valiani.com\/es\/"},{"@type":"ListItem","position":2,"name":"Acerca de Valiani"}]},{"@type":"WebSite","@id":"https:\/\/valiani.com\/es\/#website","url":"https:\/\/valiani.com\/es\/","name":"Valiani","description":"your perfect cut","potentialAction":[{"@type":"SearchAction","target":{"@type":"EntryPoint","urlTemplate":"https:\/\/valiani.com\/es\/?s={search_term_string}"},"query-input":{"@type":"PropertyValueSpecification","valueRequired":true,"valueName":"search_term_string"}}],"inLanguage":"es"}]}},"_links":{"self":[{"href":"https:\/\/valiani.com\/es\/wp-json\/wp\/v2\/pages\/243932","targetHints":{"allow":["GET"]}}],"collection":[{"href":"https:\/\/valiani.com\/es\/wp-json\/wp\/v2\/pages"}],"about":[{"href":"https:\/\/valiani.com\/es\/wp-json\/wp\/v2\/types\/page"}],"author":[{"embeddable":true,"href":"https:\/\/valiani.com\/es\/wp-json\/wp\/v2\/users\/2"}],"replies":[{"embeddable":true,"href":"https:\/\/valiani.com\/es\/wp-json\/wp\/v2\/comments?post=243932"}],"version-history":[{"count":8,"href":"https:\/\/valiani.com\/es\/wp-json\/wp\/v2\/pages\/243932\/revisions"}],"predecessor-version":[{"id":253419,"href":"https:\/\/valiani.com\/es\/wp-json\/wp\/v2\/pages\/243932\/revisions\/253419"}],"wp:attachment":[{"href":"https:\/\/valiani.com\/es\/wp-json\/wp\/v2\/media?parent=243932"}],"curies":[{"name":"wp","href":"https:\/\/api.w.org\/{rel}","templated":true}]}}